{"id":4852,"date":"2024-07-10T12:01:37","date_gmt":"2024-07-10T16:01:37","guid":{"rendered":"https:\/\/alccasablanca.com\/?page_id=4852"},"modified":"2024-07-11T04:28:52","modified_gmt":"2024-07-11T08:28:52","slug":"toefl-ibt","status":"publish","type":"page","link":"https:\/\/alccasablanca.com\/fr\/toefl-ibt\/","title":{"rendered":"TOEFL iBT"},"content":{"rendered":"<div data-elementor-type=\"wp-page\" data-elementor-id=\"4852\" class=\"elementor elementor-4852\">\n\t\t\t\t\t\t<section class=\"elementor-section elementor-top-section elementor-element elementor-element-2aq7rhf elementor-section-full_width elementor-section-content-middle elementor-section-height-default elementor-section-height-default\" data-id=\"2aq7rhf\" data-element_type=\"section\" data-e-type=\"section\" data-settings=\"{&quot;background_background&quot;:&quot;classic&quot;}\">\n\t\t\t\t\t\t<div class=\"elementor-container elementor-column-gap-no\">\n\t\t\t\t\t<div class=\"elementor-column elementor-col-33 elementor-top-column elementor-element elementor-element-30d1ff6\" data-id=\"30d1ff6\" data-element_type=\"column\" data-e-type=\"column\">\n\t\t\t<div class=\"elementor-widget-wrap elementor-element-populated\">\n\t\t\t\t\t\t<div class=\"elementor-element elementor-element-7552ba3 elementor-widget elementor-widget-image\" data-id=\"7552ba3\" data-element_type=\"widget\" data-e-type=\"widget\" data-widget_type=\"image.default\">\n\t\t\t\t<div class=\"elementor-widget-container\">\n\t\t\t\t\t\t\t\t\t\t\t\t\t\t\t<img fetchpriority=\"high\" decoding=\"async\" width=\"797\" height=\"1024\" src=\"https:\/\/alccasablanca.com\/wp-content\/uploads\/2024\/07\/Untitled-design-1-797x1024.jpg\" class=\"attachment-large size-large wp-image-4941\" alt=\"TOEFL iBT Test at ALC Casablanca - Frequently Asked Questions\" srcset=\"https:\/\/alccasablanca.com\/wp-content\/uploads\/2024\/07\/Untitled-design-1-797x1024.jpg 797w, https:\/\/alccasablanca.com\/wp-content\/uploads\/2024\/07\/Untitled-design-1-233x300.jpg 233w, https:\/\/alccasablanca.com\/wp-content\/uploads\/2024\/07\/Untitled-design-1-768x987.jpg 768w, https:\/\/alccasablanca.com\/wp-content\/uploads\/2024\/07\/Untitled-design-1-1195x1536.jpg 1195w, https:\/\/alccasablanca.com\/wp-content\/uploads\/2024\/07\/Untitled-design-1-9x12.jpg 9w, https:\/\/alccasablanca.com\/wp-content\/uploads\/2024\/07\/Untitled-design-1.jpg 1556w\" sizes=\"(max-width: 797px) 100vw, 797px\" \/>\t\t\t\t\t\t\t\t\t\t\t\t\t\t\t<\/div>\n\t\t\t\t<\/div>\n\t\t\t\t\t<\/div>\n\t\t<\/div>\n\t\t\t\t<div class=\"elementor-column elementor-col-66 elementor-top-column elementor-element elementor-element-fc21357\" data-id=\"fc21357\" data-element_type=\"column\" data-e-type=\"column\">\n\t\t\t<div class=\"elementor-widget-wrap elementor-element-populated\">\n\t\t\t\t\t\t<div class=\"elementor-element elementor-element-9f61ae2 elementor-widget elementor-widget-heading\" data-id=\"9f61ae2\" data-element_type=\"widget\" data-e-type=\"widget\" data-widget_type=\"heading.default\">\n\t\t\t\t<div class=\"elementor-widget-container\">\n\t\t\t\t\t<h2 class=\"elementor-heading-title elementor-size-default\">TOEFL iBT Test \u00e0 ALC Casablanca - Questions fr\u00e9quentes<\/h2>\t\t\t\t<\/div>\n\t\t\t\t<\/div>\n\t\t\t\t<div class=\"elementor-element elementor-element-7b629e3 elementor-widget elementor-widget-accordion\" data-id=\"7b629e3\" data-element_type=\"widget\" data-e-type=\"widget\" data-widget_type=\"accordion.default\">\n\t\t\t\t<div class=\"elementor-widget-container\">\n\t\t\t\t\t\t\t<div class=\"elementor-accordion\">\n\t\t\t\t\t\t\t<div class=\"elementor-accordion-item\">\n\t\t\t\t\t<div id=\"elementor-tab-title-1291\" class=\"elementor-tab-title\" data-tab=\"1\" role=\"button\" aria-controls=\"elementor-tab-content-1291\" aria-expanded=\"false\">\n\t\t\t\t\t\t\t\t\t\t\t\t<a class=\"elementor-accordion-title\" tabindex=\"0\">1. Qu'est-ce que le test TOEFL iBT ?<\/a>\n\t\t\t\t\t<\/div>\n\t\t\t\t\t<div id=\"elementor-tab-content-1291\" class=\"elementor-tab-content elementor-clearfix\" data-tab=\"1\" role=\"region\" aria-labelledby=\"elementor-tab-title-1291\"><p>Le TOEFL iBT\u00ae (Test of English as a Foreign Language Internet-Based Test) mesure votre capacit\u00e9 \u00e0 utiliser et comprendre l'anglais au niveau universitaire. Il \u00e9value vos comp\u00e9tences en lecture, \u00e9coute, expression orale et \u00e9criture et est accept\u00e9 par plus de 11 000 institutions dans plus de 150 pays.<\/p><\/div>\n\t\t\t\t<\/div>\n\t\t\t\t\t\t\t<div class=\"elementor-accordion-item\">\n\t\t\t\t\t<div id=\"elementor-tab-title-1292\" class=\"elementor-tab-title\" data-tab=\"2\" role=\"button\" aria-controls=\"elementor-tab-content-1292\" aria-expanded=\"false\">\n\t\t\t\t\t\t\t\t\t\t\t\t<a class=\"elementor-accordion-title\" tabindex=\"0\">2. Pourquoi devrais-je passer le test TOEFL iBT \u00e0 ALC Casablanca ?<\/a>\n\t\t\t\t\t<\/div>\n\t\t\t\t\t<div id=\"elementor-tab-content-1292\" class=\"elementor-tab-content elementor-clearfix\" data-tab=\"2\" role=\"region\" aria-labelledby=\"elementor-tab-title-1292\"><p>ALC Casablanca est un centre de test TOEFL iBT autoris\u00e9, offrant une exp\u00e9rience de test fiable et standardis\u00e9e avec des installations modernes et un personnel exp\u00e9riment\u00e9 pour vous assister tout au long du processus.<\/p><\/div>\n\t\t\t\t<\/div>\n\t\t\t\t\t\t\t<div class=\"elementor-accordion-item\">\n\t\t\t\t\t<div id=\"elementor-tab-title-1293\" class=\"elementor-tab-title\" data-tab=\"3\" role=\"button\" aria-controls=\"elementor-tab-content-1293\" aria-expanded=\"false\">\n\t\t\t\t\t\t\t\t\t\t\t\t<a class=\"elementor-accordion-title\" tabindex=\"0\">3. Comment puis-je m'inscrire au test TOEFL iBT ?<\/a>\n\t\t\t\t\t<\/div>\n\t\t\t\t\t<div id=\"elementor-tab-content-1293\" class=\"elementor-tab-content elementor-clearfix\" data-tab=\"3\" role=\"region\" aria-labelledby=\"elementor-tab-title-1293\"><ul><li>Visitez le site officiel du TOEFL (<a target=\"_new\" rel=\"noreferrer\">et cr\u00e9ez un compte.<\/a>) and create an account.<\/li><li>S\u00e9lectionnez une date de test qui vous convient.<\/li><li>Compl\u00e9tez le processus d'inscription et payez les frais de test en ligne.<\/li><\/ul><\/div>\n\t\t\t\t<\/div>\n\t\t\t\t\t\t\t<div class=\"elementor-accordion-item\">\n\t\t\t\t\t<div id=\"elementor-tab-title-1294\" class=\"elementor-tab-title\" data-tab=\"4\" role=\"button\" aria-controls=\"elementor-tab-content-1294\" aria-expanded=\"false\">\n\t\t\t\t\t\t\t\t\t\t\t\t<a class=\"elementor-accordion-title\" tabindex=\"0\">4. Que dois-je apporter le jour du test ?<\/a>\n\t\t\t\t\t<\/div>\n\t\t\t\t\t<div id=\"elementor-tab-content-1294\" class=\"elementor-tab-content elementor-clearfix\" data-tab=\"4\" role=\"region\" aria-labelledby=\"elementor-tab-title-1294\"><ul><li><strong>Pi\u00e8ce d'identit\u00e9 valide<\/strong>: Une pi\u00e8ce d'identit\u00e9 avec photo d\u00e9livr\u00e9e par le gouvernement (passeport, carte d'identit\u00e9 nationale).<\/li><li><strong>Confirmation d'inscription<\/strong>: Une copie imprim\u00e9e ou num\u00e9rique de votre confirmation d'inscription.<\/li><\/ul><h4>\u00a0<\/h4><\/div>\n\t\t\t\t<\/div>\n\t\t\t\t\t\t\t<div class=\"elementor-accordion-item\">\n\t\t\t\t\t<div id=\"elementor-tab-title-1295\" class=\"elementor-tab-title\" data-tab=\"5\" role=\"button\" aria-controls=\"elementor-tab-content-1295\" aria-expanded=\"false\">\n\t\t\t\t\t\t\t\t\t\t\t\t<a class=\"elementor-accordion-title\" tabindex=\"0\">5. Quelle est l'adresse de ALC Casablanca ?<\/a>\n\t\t\t\t\t<\/div>\n\t\t\t\t\t<div id=\"elementor-tab-content-1295\" class=\"elementor-tab-content elementor-clearfix\" data-tab=\"5\" role=\"region\" aria-labelledby=\"elementor-tab-title-1295\"><p>American Language Center Casablanca<br \/>Place de la Fraternit\u00e9, 1, Bd Moulay Youssef, Casablanca<\/p><\/div>\n\t\t\t\t<\/div>\n\t\t\t\t\t\t\t<div class=\"elementor-accordion-item\">\n\t\t\t\t\t<div id=\"elementor-tab-title-1296\" class=\"elementor-tab-title\" data-tab=\"6\" role=\"button\" aria-controls=\"elementor-tab-content-1296\" aria-expanded=\"false\">\n\t\t\t\t\t\t\t\t\t\t\t\t<a class=\"elementor-accordion-title\" tabindex=\"0\">6. \u00c0 quelle heure dois-je arriver le jour du test ?<\/a>\n\t\t\t\t\t<\/div>\n\t\t\t\t\t<div id=\"elementor-tab-content-1296\" class=\"elementor-tab-content elementor-clearfix\" data-tab=\"6\" role=\"region\" aria-labelledby=\"elementor-tab-title-1296\"><p>Veuillez arriver au moins 30 minutes avant l'heure pr\u00e9vue de votre test.<\/p><\/div>\n\t\t\t\t<\/div>\n\t\t\t\t\t\t\t<div class=\"elementor-accordion-item\">\n\t\t\t\t\t<div id=\"elementor-tab-title-1297\" class=\"elementor-tab-title\" data-tab=\"7\" role=\"button\" aria-controls=\"elementor-tab-content-1297\" aria-expanded=\"false\">\n\t\t\t\t\t\t\t\t\t\t\t\t<a class=\"elementor-accordion-title\" tabindex=\"0\">7. Est-ce que ALC Casablanca propose des cours de pr\u00e9paration au TOEFL iBT ?<\/a>\n\t\t\t\t\t<\/div>\n\t\t\t\t\t<div id=\"elementor-tab-content-1297\" class=\"elementor-tab-content elementor-clearfix\" data-tab=\"7\" role=\"region\" aria-labelledby=\"elementor-tab-title-1297\"><p>Oui, nous proposons des cours complets de pr\u00e9paration au TOEFL qui couvrent les quatre sections du test : lecture, \u00e9coute, expression orale et \u00e9criture. Nos cours incluent des instructions d'experts, des cours interactifs et des tests de pratique complets.<\/p><h4>\u00a0<\/h4><\/div>\n\t\t\t\t<\/div>\n\t\t\t\t\t\t\t<div class=\"elementor-accordion-item\">\n\t\t\t\t\t<div id=\"elementor-tab-title-1298\" class=\"elementor-tab-title\" data-tab=\"8\" role=\"button\" aria-controls=\"elementor-tab-content-1298\" aria-expanded=\"false\">\n\t\t\t\t\t\t\t\t\t\t\t\t<a class=\"elementor-accordion-title\" tabindex=\"0\">8. Comment puis-je contacter ALC Casablanca pour plus d'informations ?<\/a>\n\t\t\t\t\t<\/div>\n\t\t\t\t\t<div id=\"elementor-tab-content-1298\" class=\"elementor-tab-content elementor-clearfix\" data-tab=\"8\" role=\"region\" aria-labelledby=\"elementor-tab-title-1298\"><p>Pour plus d'informations sur le test TOEFL iBT, les cours de pr\u00e9paration ou l'assistance \u00e0 l'inscription, veuillez nous contacter \u00e0 :<\/p><ul><li style=\"list-style-type: none;\"><ul><li><strong>T\u00e9l\u00e9phone<\/strong>:+212 522 275 270 | +212 522 277 765<\/li><li><strong>Website<\/strong>: <a href=\"https:\/\/alccasablanca.com\/fr\/\" target=\"_new\" rel=\"noreferrer\">www.alccasablanca.com<\/a><\/li><\/ul><\/li><\/ul><\/div>\n\t\t\t\t<\/div>\n\t\t\t\t\t\t\t<div class=\"elementor-accordion-item\">\n\t\t\t\t\t<div id=\"elementor-tab-title-1299\" class=\"elementor-tab-title\" data-tab=\"9\" role=\"button\" aria-controls=\"elementor-tab-content-1299\" aria-expanded=\"false\">\n\t\t\t\t\t\t\t\t\t\t\t\t<a class=\"elementor-accordion-title\" tabindex=\"0\">9. Combien de temps dure le test TOEFL iBT ?<\/a>\n\t\t\t\t\t<\/div>\n\t\t\t\t\t<div id=\"elementor-tab-content-1299\" class=\"elementor-tab-content elementor-clearfix\" data-tab=\"9\" role=\"region\" aria-labelledby=\"elementor-tab-title-1299\"><p>Le test dure un peu moins de 2 heures, mais il faut pr\u00e9voir 2,5 heures.<\/p><\/div>\n\t\t\t\t<\/div>\n\t\t\t\t\t\t\t<div class=\"elementor-accordion-item\">\n\t\t\t\t\t<div id=\"elementor-tab-title-12910\" class=\"elementor-tab-title\" data-tab=\"10\" role=\"button\" aria-controls=\"elementor-tab-content-12910\" aria-expanded=\"false\">\n\t\t\t\t\t\t\t\t\t\t\t\t<a class=\"elementor-accordion-title\" tabindex=\"0\">10. Quelles sont les sections du test TOEFL iBT ?<\/a>\n\t\t\t\t\t<\/div>\n\t\t\t\t\t<div id=\"elementor-tab-content-12910\" class=\"elementor-tab-content elementor-clearfix\" data-tab=\"10\" role=\"region\" aria-labelledby=\"elementor-tab-title-12910\"><p>Le test TOEFL iBT se compose de quatre sections:<\/p><ol><li><strong>Lecture<\/strong>: Mesure votre capacit\u00e9 \u00e0 comprendre des textes acad\u00e9miques.<\/li><li><strong>L'\u00e9coute<\/strong>: Mesure votre capacit\u00e9 \u00e0 comprendre l'anglais parl\u00e9 dans un contexte acad\u00e9mique.<\/li><li><strong>Expression orale<\/strong>: Mesure votre capacit\u00e9 \u00e0 vous exprimer efficacement en anglais dans des situations acad\u00e9miques.<\/li><li><strong>R\u00e9daction<\/strong>: Mesure votre capacit\u00e9 \u00e0 \u00e9crire en anglais dans un contexte acad\u00e9mique.<\/li><\/ol><\/div>\n\t\t\t\t<\/div>\n\t\t\t\t\t\t\t<div class=\"elementor-accordion-item\">\n\t\t\t\t\t<div id=\"elementor-tab-title-12911\" class=\"elementor-tab-title\" data-tab=\"11\" role=\"button\" aria-controls=\"elementor-tab-content-12911\" aria-expanded=\"false\">\n\t\t\t\t\t\t\t\t\t\t\t\t<a class=\"elementor-accordion-title\" tabindex=\"0\">11. Comment puis-je me pr\u00e9parer au test TOEFL iBT ?<\/a>\n\t\t\t\t\t<\/div>\n\t\t\t\t\t<div id=\"elementor-tab-content-12911\" class=\"elementor-tab-content elementor-clearfix\" data-tab=\"11\" role=\"region\" aria-labelledby=\"elementor-tab-title-12911\"><p>Nous vous recommandons de vous inscrire \u00e0 nos cours de pr\u00e9paration au TOEFL \u00e0 ALC Casablanca, qui sont con\u00e7us pour vous aider \u00e0 am\u00e9liorer vos comp\u00e9tences et vos strat\u00e9gies pour chaque section du test. De plus, vous pouvez utiliser le mat\u00e9riel officiel de pr\u00e9paration au TOEFL disponible sur le site de l'ETS.<\/p><\/div>\n\t\t\t\t<\/div>\n\t\t\t\t\t\t\t<div class=\"elementor-accordion-item\">\n\t\t\t\t\t<div id=\"elementor-tab-title-12912\" class=\"elementor-tab-title\" data-tab=\"12\" role=\"button\" aria-controls=\"elementor-tab-content-12912\" aria-expanded=\"false\">\n\t\t\t\t\t\t\t\t\t\t\t\t<a class=\"elementor-accordion-title\" tabindex=\"0\">12. Quel est le co\u00fbt du test TOEFL iBT ?<\/a>\n\t\t\t\t\t<\/div>\n\t\t\t\t\t<div id=\"elementor-tab-content-12912\" class=\"elementor-tab-content elementor-clearfix\" data-tab=\"12\" role=\"region\" aria-labelledby=\"elementor-tab-title-12912\"><p style=\"font-weight: 400;\">Les frais d'examen varient en fonction du lieu. Veuillez consulter le site Web d'ETS pour obtenir les informations les plus r\u00e9centes sur les frais d'examen pour l'ALC Casablanca.<\/p><\/div>\n\t\t\t\t<\/div>\n\t\t\t\t\t\t\t<div class=\"elementor-accordion-item\">\n\t\t\t\t\t<div id=\"elementor-tab-title-12913\" class=\"elementor-tab-title\" data-tab=\"13\" role=\"button\" aria-controls=\"elementor-tab-content-12913\" aria-expanded=\"false\">\n\t\t\t\t\t\t\t\t\t\t\t\t<a class=\"elementor-accordion-title\" tabindex=\"0\">13. Puis-je reporter ou annuler mon test TOEFL iBT ?<\/a>\n\t\t\t\t\t<\/div>\n\t\t\t\t\t<div id=\"elementor-tab-content-12913\" class=\"elementor-tab-content elementor-clearfix\" data-tab=\"13\" role=\"region\" aria-labelledby=\"elementor-tab-title-12913\"><p>Oui, vous pouvez reporter ou annuler votre examen, mais vous devez le faire au moins quatre jours complets avant la date de l'examen pour recevoir un remboursement partiel. Consultez le site web d'ETS pour obtenir des informations d\u00e9taill\u00e9es sur les politiques de report et d'annulation.<\/p><p>Rejoignez les milliers d'\u00e9tudiants qui ont pr\u00e9par\u00e9 avec succ\u00e8s le test TOEFL iBT \u00e0 ALC Casablanca et faites un pas de plus vers la r\u00e9alisation de vos r\u00eaves acad\u00e9miques et professionnels !<\/p><\/div>\n\t\t\t\t<\/div>\n\t\t\t\t\t\t\t\t<\/div>\n\t\t\t\t\t\t<\/div>\n\t\t\t\t<\/div>\n\t\t\t\t\t<\/div>\n\t\t<\/div>\n\t\t\t\t\t<\/div>\n\t\t<\/section>\n\t\t\t\t<\/div>","protected":false},"excerpt":{"rendered":"<p>TOEFL iBT Test at ALC Casablanca &#8211; Frequently Asked Questions 1. What is the TOEFL iBT test? The TOEFL iBT\u00ae (Test of English as a Foreign Language Internet-Based Test) measures your ability to use and understand English at the university level. It evaluates your reading, listening, speaking, and writing skills and is accepted by over [&hellip;]<\/p>\n","protected":false},"author":1,"featured_media":0,"parent":0,"menu_order":0,"comment_status":"closed","ping_status":"closed","template":"","meta":{"_uag_custom_page_level_css":"","site-sidebar-layout":"no-sidebar","site-content-layout":"page-builder","ast-site-content-layout":"default","site-content-style":"default","site-sidebar-style":"default","ast-global-header-display":"","ast-banner-title-visibility":"","ast-main-header-display":"","ast-hfb-above-header-display":"","ast-hfb-below-header-display":"","ast-hfb-mobile-header-display":"","site-post-title":"disabled","ast-breadcrumbs-content":"","ast-featured-img":"disabled","footer-sml-layout":"","ast-disable-related-posts":"","theme-transparent-header-meta":"","adv-header-id-meta":"","stick-header-meta":"","header-above-stick-meta":"","header-main-stick-meta":"","header-below-stick-meta":"","astra-migrate-meta-layouts":"default","ast-page-background-enabled":"default","ast-page-background-meta":{"desktop":{"background-color":"","background-image":"","background-repeat":"repeat","background-position":"center center","background-size":"auto","background-attachment":"scroll","background-type":"","background-media":"","overlay-type":"","overlay-color":"","overlay-opacity":"","overlay-gradient":""},"tablet":{"background-color":"","background-image":"","background-repeat":"repeat","background-position":"center center","background-size":"auto","background-attachment":"scroll","background-type":"","background-media":"","overlay-type":"","overlay-color":"","overlay-opacity":"","overlay-gradient":""},"mobile":{"background-color":"","background-image":"","background-repeat":"repeat","background-position":"center center","background-size":"auto","background-attachment":"scroll","background-type":"","background-media":"","overlay-type":"","overlay-color":"","overlay-opacity":"","overlay-gradient":""}},"ast-content-background-meta":{"desktop":{"background-color":"var(--ast-global-color-5)","background-image":"","background-repeat":"repeat","background-position":"center center","background-size":"auto","background-attachment":"scroll","background-type":"","background-media":"","overlay-type":"","overlay-color":"","overlay-opacity":"","overlay-gradient":""},"tablet":{"background-color":"var(--ast-global-color-5)","background-image":"","background-repeat":"repeat","background-position":"center center","background-size":"auto","background-attachment":"scroll","background-type":"","background-media":"","overlay-type":"","overlay-color":"","overlay-opacity":"","overlay-gradient":""},"mobile":{"background-color":"var(--ast-global-color-5)","background-image":"","background-repeat":"repeat","background-position":"center center","background-size":"auto","background-attachment":"scroll","background-type":"","background-media":"","overlay-type":"","overlay-color":"","overlay-opacity":"","overlay-gradient":""}},"footnotes":""},"class_list":["post-4852","page","type-page","status-publish","hentry"],"uagb_featured_image_src":{"full":false,"thumbnail":false,"medium":false,"medium_large":false,"large":false,"hd_qu_size2":false,"1536x1536":false,"2048x2048":false,"trp-custom-language-flag":false},"uagb_author_info":{"display_name":"administrator","author_link":"https:\/\/alccasablanca.com\/fr\/author\/administrator\/"},"uagb_comment_info":0,"uagb_excerpt":"TOEFL iBT Test at ALC Casablanca &#8211; Frequently Asked Questions 1. What is the TOEFL iBT test? The TOEFL iBT\u00ae (Test of English as a Foreign Language Internet-Based Test) measures your ability to use and understand English at the university level. It evaluates your reading, listening, speaking, and writing skills and is accepted by over\u2026","_links":{"self":[{"href":"https:\/\/alccasablanca.com\/fr\/wp-json\/wp\/v2\/pages\/4852","targetHints":{"allow":["GET"]}}],"collection":[{"href":"https:\/\/alccasablanca.com\/fr\/wp-json\/wp\/v2\/pages"}],"about":[{"href":"https:\/\/alccasablanca.com\/fr\/wp-json\/wp\/v2\/types\/page"}],"author":[{"embeddable":true,"href":"https:\/\/alccasablanca.com\/fr\/wp-json\/wp\/v2\/users\/1"}],"replies":[{"embeddable":true,"href":"https:\/\/alccasablanca.com\/fr\/wp-json\/wp\/v2\/comments?post=4852"}],"version-history":[{"count":91,"href":"https:\/\/alccasablanca.com\/fr\/wp-json\/wp\/v2\/pages\/4852\/revisions"}],"predecessor-version":[{"id":4949,"href":"https:\/\/alccasablanca.com\/fr\/wp-json\/wp\/v2\/pages\/4852\/revisions\/4949"}],"wp:attachment":[{"href":"https:\/\/alccasablanca.com\/fr\/wp-json\/wp\/v2\/media?parent=4852"}],"curies":[{"name":"wp","href":"https:\/\/api.w.org\/{rel}","templated":true}]}}