{"id":152,"date":"2021-05-18T01:54:43","date_gmt":"2021-05-18T01:54:43","guid":{"rendered":"http:\/\/alccasablanca.com\/about\/"},"modified":"2024-06-26T10:00:17","modified_gmt":"2024-06-26T14:00:17","slug":"about","status":"publish","type":"page","link":"https:\/\/alccasablanca.com\/fr\/about\/","title":{"rendered":"A propos de"},"content":{"rendered":"<div data-elementor-type=\"wp-page\" data-elementor-id=\"152\" class=\"elementor elementor-152\">\n\t\t\t\t\t\t<section class=\"elementor-section elementor-top-section elementor-element elementor-element-de4320f elementor-section-boxed elementor-section-height-default elementor-section-height-default\" data-id=\"de4320f\" data-element_type=\"section\" data-e-type=\"section\" data-settings=\"{&quot;background_background&quot;:&quot;classic&quot;}\">\n\t\t\t\t\t\t<div class=\"elementor-container elementor-column-gap-no\">\n\t\t\t\t\t<div class=\"elementor-column elementor-col-100 elementor-top-column elementor-element elementor-element-7bdf3cf\" data-id=\"7bdf3cf\" data-element_type=\"column\" data-e-type=\"column\">\n\t\t\t<div class=\"elementor-widget-wrap elementor-element-populated\">\n\t\t\t\t\t\t<div class=\"elementor-element elementor-element-61bec78 elementor-widget elementor-widget-heading\" data-id=\"61bec78\" data-element_type=\"widget\" data-e-type=\"widget\" data-widget_type=\"heading.default\">\n\t\t\t\t<div class=\"elementor-widget-container\">\n\t\t\t\t\t<h1 class=\"elementor-heading-title elementor-size-default\">\u00c0 propos de nous<\/h1>\t\t\t\t<\/div>\n\t\t\t\t<\/div>\n\t\t\t\t\t<\/div>\n\t\t<\/div>\n\t\t\t\t\t<\/div>\n\t\t<\/section>\n\t\t\t\t<section class=\"elementor-section elementor-top-section elementor-element elementor-element-036aa60 elementor-section-boxed elementor-section-height-default elementor-section-height-default\" data-id=\"036aa60\" data-element_type=\"section\" data-e-type=\"section\">\n\t\t\t\t\t\t<div class=\"elementor-container elementor-column-gap-no\">\n\t\t\t\t\t<div class=\"elementor-column elementor-col-100 elementor-top-column elementor-element elementor-element-acd7fe7\" data-id=\"acd7fe7\" data-element_type=\"column\" data-e-type=\"column\">\n\t\t\t<div class=\"elementor-widget-wrap elementor-element-populated\">\n\t\t\t\t\t\t<div class=\"elementor-element elementor-element-6e90df7 elementor-view-default elementor-widget elementor-widget-icon\" data-id=\"6e90df7\" data-element_type=\"widget\" data-e-type=\"widget\" data-widget_type=\"icon.default\">\n\t\t\t\t<div class=\"elementor-widget-container\">\n\t\t\t\t\t\t\t<div class=\"elementor-icon-wrapper\">\n\t\t\t<div class=\"elementor-icon\">\n\t\t\t<i aria-hidden=\"true\" class=\"fas fa-quote-left\"><\/i>\t\t\t<\/div>\n\t\t<\/div>\n\t\t\t\t\t\t<\/div>\n\t\t\t\t<\/div>\n\t\t\t\t<div class=\"elementor-element elementor-element-71c4f17 elementor-widget elementor-widget-text-editor\" data-id=\"71c4f17\" data-element_type=\"widget\" data-e-type=\"widget\" data-widget_type=\"text-editor.default\">\n\t\t\t\t<div class=\"elementor-widget-container\">\n\t\t\t\t\t\t\t\t\t<p><span class=\"JsGRdQ\">A l'ALC, nous nous engageons \u00e0 satisfaire la soif d'apprentissage linguistique de nos apprenants gr\u00e2ce \u00e0 un apport acad\u00e9mique personnalis\u00e9.<\/span><\/p>\t\t\t\t\t\t\t\t<\/div>\n\t\t\t\t<\/div>\n\t\t\t\t\t<\/div>\n\t\t<\/div>\n\t\t\t\t\t<\/div>\n\t\t<\/section>\n\t\t\t\t<section class=\"elementor-section elementor-top-section elementor-element elementor-element-4784e36 elementor-section-boxed elementor-section-height-default elementor-section-height-default\" data-id=\"4784e36\" data-element_type=\"section\" data-e-type=\"section\" data-settings=\"{&quot;background_background&quot;:&quot;classic&quot;}\">\n\t\t\t\t\t\t<div class=\"elementor-container elementor-column-gap-no\">\n\t\t\t\t\t<div class=\"elementor-column elementor-col-100 elementor-top-column elementor-element elementor-element-66dba7e\" data-id=\"66dba7e\" data-element_type=\"column\" data-e-type=\"column\">\n\t\t\t<div class=\"elementor-widget-wrap elementor-element-populated\">\n\t\t\t\t\t\t<div class=\"elementor-element elementor-element-08b911b elementor-widget elementor-widget-heading\" data-id=\"08b911b\" data-element_type=\"widget\" data-e-type=\"widget\" data-widget_type=\"heading.default\">\n\t\t\t\t<div class=\"elementor-widget-container\">\n\t\t\t\t\t<h6 class=\"elementor-heading-title elementor-size-default\">Le Centre de Langues Am\u00e9ricaines de Casablanca en un coup d'\u0153il<\/h6>\t\t\t\t<\/div>\n\t\t\t\t<\/div>\n\t\t\t\t<div class=\"elementor-element elementor-element-e672809 elementor-widget__width-initial elementor-widget-mobile__width-initial elementor-widget elementor-widget-counter\" data-id=\"e672809\" data-element_type=\"widget\" data-e-type=\"widget\" data-widget_type=\"counter.default\">\n\t\t\t\t<div class=\"elementor-widget-container\">\n\t\t\t\t\t\t\t<div class=\"elementor-counter\">\n\t\t\t<div class=\"elementor-counter-title\">Inscriptions annuelles<\/div>\t\t\t<div class=\"elementor-counter-number-wrapper\">\n\t\t\t\t<span class=\"elementor-counter-number-prefix\"><\/span>\n\t\t\t\t<span class=\"elementor-counter-number\" data-duration=\"2000\" data-to-value=\"13\" data-from-value=\"0\" data-delimiter=\",\">0<\/span>\n\t\t\t\t<span class=\"elementor-counter-number-suffix\">K+<\/span>\n\t\t\t<\/div>\n\t\t<\/div>\n\t\t\t\t\t\t<\/div>\n\t\t\t\t<\/div>\n\t\t\t\t<div class=\"elementor-element elementor-element-7d1ee46 elementor-widget__width-initial elementor-widget-mobile__width-initial elementor-widget elementor-widget-counter\" data-id=\"7d1ee46\" data-element_type=\"widget\" data-e-type=\"widget\" data-widget_type=\"counter.default\">\n\t\t\t\t<div class=\"elementor-widget-container\">\n\t\t\t\t\t\t\t<div class=\"elementor-counter\">\n\t\t\t<div class=\"elementor-counter-title\">Enseignants et personnel<\/div>\t\t\t<div class=\"elementor-counter-number-wrapper\">\n\t\t\t\t<span class=\"elementor-counter-number-prefix\"><\/span>\n\t\t\t\t<span class=\"elementor-counter-number\" data-duration=\"2000\" data-to-value=\"100\" data-from-value=\"0\">0<\/span>\n\t\t\t\t<span class=\"elementor-counter-number-suffix\">+<\/span>\n\t\t\t<\/div>\n\t\t<\/div>\n\t\t\t\t\t\t<\/div>\n\t\t\t\t<\/div>\n\t\t\t\t<div class=\"elementor-element elementor-element-534c349 elementor-widget__width-initial elementor-widget elementor-widget-counter\" data-id=\"534c349\" data-element_type=\"widget\" data-e-type=\"widget\" data-widget_type=\"counter.default\">\n\t\t\t\t<div class=\"elementor-widget-container\">\n\t\t\t\t\t\t\t<div class=\"elementor-counter\">\n\t\t\t<div class=\"elementor-counter-title\">Clubs &amp; Activities<\/div>\t\t\t<div class=\"elementor-counter-number-wrapper\">\n\t\t\t\t<span class=\"elementor-counter-number-prefix\"><\/span>\n\t\t\t\t<span class=\"elementor-counter-number\" data-duration=\"2000\" data-to-value=\"8\" data-from-value=\"0\">0<\/span>\n\t\t\t\t<span class=\"elementor-counter-number-suffix\">+<\/span>\n\t\t\t<\/div>\n\t\t<\/div>\n\t\t\t\t\t\t<\/div>\n\t\t\t\t<\/div>\n\t\t\t\t<div class=\"elementor-element elementor-element-7344b4b elementor-widget-divider--view-line elementor-widget elementor-widget-divider\" data-id=\"7344b4b\" data-element_type=\"widget\" data-e-type=\"widget\" data-widget_type=\"divider.default\">\n\t\t\t\t<div class=\"elementor-widget-container\">\n\t\t\t\t\t\t\t<div class=\"elementor-divider\">\n\t\t\t<span class=\"elementor-divider-separator\">\n\t\t\t\t\t\t<\/span>\n\t\t<\/div>\n\t\t\t\t\t\t<\/div>\n\t\t\t\t<\/div>\n\t\t\t\t<div class=\"elementor-element elementor-element-2efb87c elementor-widget__width-initial elementor-widget-mobile__width-inherit elementor-widget elementor-widget-heading\" data-id=\"2efb87c\" data-element_type=\"widget\" data-e-type=\"widget\" data-widget_type=\"heading.default\">\n\t\t\t\t<div class=\"elementor-widget-container\">\n\t\t\t\t\t<h6 class=\"elementor-heading-title elementor-size-default\">Notre mission<\/h6>\t\t\t\t<\/div>\n\t\t\t\t<\/div>\n\t\t\t\t<div class=\"elementor-element elementor-element-d31aedb elementor-widget__width-initial elementor-widget-mobile__width-inherit elementor-widget elementor-widget-text-editor\" data-id=\"d31aedb\" data-element_type=\"widget\" data-e-type=\"widget\" data-widget_type=\"text-editor.default\">\n\t\t\t\t<div class=\"elementor-widget-container\">\n\t\t\t\t\t\t\t\t\t<p><span class=\"JsGRdQ\">ALC Casablanca est la premi\u00e8re destination pour les personnes int\u00e9ress\u00e9es par l'apprentissage des langues, les \u00e9changes culturels et l'\u00e9panouissement personnel. En tant que communaut\u00e9 multiculturelle de personnel acad\u00e9mique, nous offrons \u00e0 nos apprenants bien plus que la langue anglaise.  L'apprentissage de l'anglais s'accompagne d'un ensemble de d\u00e9couvertes amusantes et instructives qui engagent nos \u00e9tudiants \u00e0 l'int\u00e9rieur et \u00e0 l'ext\u00e9rieur du centre \u00e0 devenir des membres actifs de la communaut\u00e9.<\/span><\/p>\t\t\t\t\t\t\t\t<\/div>\n\t\t\t\t<\/div>\n\t\t\t\t<div class=\"elementor-element elementor-element-16c00f8 elementor-widget-divider--view-line elementor-widget elementor-widget-divider\" data-id=\"16c00f8\" data-element_type=\"widget\" data-e-type=\"widget\" data-widget_type=\"divider.default\">\n\t\t\t\t<div class=\"elementor-widget-container\">\n\t\t\t\t\t\t\t<div class=\"elementor-divider\">\n\t\t\t<span class=\"elementor-divider-separator\">\n\t\t\t\t\t\t<\/span>\n\t\t<\/div>\n\t\t\t\t\t\t<\/div>\n\t\t\t\t<\/div>\n\t\t\t\t<div class=\"elementor-element elementor-element-d38103b elementor-widget__width-initial elementor-widget-mobile__width-inherit elementor-widget elementor-widget-heading\" data-id=\"d38103b\" data-element_type=\"widget\" data-e-type=\"widget\" data-widget_type=\"heading.default\">\n\t\t\t\t<div class=\"elementor-widget-container\">\n\t\t\t\t\t<h6 class=\"elementor-heading-title elementor-size-default\">Notre engagement\n<\/h6>\t\t\t\t<\/div>\n\t\t\t\t<\/div>\n\t\t\t\t<div class=\"elementor-element elementor-element-5b6fb13 elementor-widget__width-initial elementor-widget-mobile__width-inherit elementor-widget elementor-widget-text-editor\" data-id=\"5b6fb13\" data-element_type=\"widget\" data-e-type=\"widget\" data-widget_type=\"text-editor.default\">\n\t\t\t\t<div class=\"elementor-widget-container\">\n\t\t\t\t\t\t\t\t\t<ul><li>Nous prenons en consid\u00e9ration les besoins d'apprentissage exprim\u00e9s par les \u00e9tudiants ; c'est pourquoi l'ALC propose diff\u00e9rents programmes d'apprentissage de l'anglais, adapt\u00e9s \u00e0 diff\u00e9rents \u00e2ges et objectifs.  L'anglais \u00e0 des fins sp\u00e9cifiques (ESP), nos programmes Kid, Junior et Adultes, les programmes de pr\u00e9paration aux tests sont parmi beaucoup d'autres.<\/li><li><span class=\"JsGRdQ\">Notre \u00e9quipe est hautement qualifi\u00e9e et issue de diff\u00e9rents milieux culturels. Le partage de valeurs issues de diff\u00e9rentes cultures fait de l'ALC Casablanca un milieu d'ouverture, de tol\u00e9rance et d'\u00e9changes intellectuels positifs.<\/span><\/li><\/ul><p><span class=\"JsGRdQ\">Participez activement \u00e0 la vie de la communaut\u00e9 locale :<\/span><\/p><ul><li class=\"_04xlpA direction-ltr align-start para-style-title\">Les excursions, les activit\u00e9s vertes et l'action sociale ont, au fil des ans, r\u00e9ussi \u00e0 \u00e9largir notre sph\u00e8re d'influence \u00e0 l'ensemble de la communaut\u00e9 dont sont issus nos apprenants.<\/li><\/ul><ul><li class=\"_04xlpA direction-ltr align-start para-style-title\"><span class=\"JsGRdQ\">ALC Casablanca croit en une approche de l'enseignement des langues centr\u00e9e sur l'\u00e9tudiant qui cultive un environnement d'apprentissage positif et am\u00e9liore les comp\u00e9tences linguistiques des \u00e9tudiants. A l'ALC, l'accent est mis sur l'acquisition de comp\u00e9tences en communication plut\u00f4t que sur la ma\u00eetrise d'une \"unit\u00e9\" du texte.<\/span><\/li><\/ul>\t\t\t\t\t\t\t\t<\/div>\n\t\t\t\t<\/div>\n\t\t\t\t<div class=\"elementor-element elementor-element-87f3ee9 elementor-widget-divider--view-line elementor-widget elementor-widget-divider\" data-id=\"87f3ee9\" data-element_type=\"widget\" data-e-type=\"widget\" data-widget_type=\"divider.default\">\n\t\t\t\t<div class=\"elementor-widget-container\">\n\t\t\t\t\t\t\t<div class=\"elementor-divider\">\n\t\t\t<span class=\"elementor-divider-separator\">\n\t\t\t\t\t\t<\/span>\n\t\t<\/div>\n\t\t\t\t\t\t<\/div>\n\t\t\t\t<\/div>\n\t\t\t\t\t<\/div>\n\t\t<\/div>\n\t\t\t\t\t<\/div>\n\t\t<\/section>\n\t\t\t\t<\/div>","protected":false},"excerpt":{"rendered":"<p>About Us At the ALC, we are committed to satisfying our learners\u2019 thirst for language learning through personalized academic input. The American Language Center of Casablanca at a Glance Yearly Enrollments 0 K+ Teachers and Staff Memebrs 0 + Clubs &#038; Activities 0 + Our Mission ALC Casablanca is the leading destination for people who [&hellip;]<\/p>\n","protected":false},"author":1,"featured_media":0,"parent":0,"menu_order":0,"comment_status":"closed","ping_status":"closed","template":"","meta":{"_uag_custom_page_level_css":"","site-sidebar-layout":"no-sidebar","site-content-layout":"page-builder","ast-site-content-layout":"default","site-content-style":"default","site-sidebar-style":"default","ast-global-header-display":"","ast-banner-title-visibility":"","ast-main-header-display":"","ast-hfb-above-header-display":"","ast-hfb-below-header-display":"","ast-hfb-mobile-header-display":"","site-post-title":"disabled","ast-breadcrumbs-content":"disabled","ast-featured-img":"disabled","footer-sml-layout":"","ast-disable-related-posts":"","theme-transparent-header-meta":"default","adv-header-id-meta":"","stick-header-meta":"","header-above-stick-meta":"","header-main-stick-meta":"","header-below-stick-meta":"","astra-migrate-meta-layouts":"default","ast-page-background-enabled":"default","ast-page-background-meta":{"desktop":{"background-color":"","background-image":"","background-repeat":"repeat","background-position":"center center","background-size":"auto","background-attachment":"scroll","background-type":"","background-media":"","overlay-type":"","overlay-color":"","overlay-opacity":"","overlay-gradient":""},"tablet":{"background-color":"","background-image":"","background-repeat":"repeat","background-position":"center center","background-size":"auto","background-attachment":"scroll","background-type":"","background-media":"","overlay-type":"","overlay-color":"","overlay-opacity":"","overlay-gradient":""},"mobile":{"background-color":"","background-image":"","background-repeat":"repeat","background-position":"center center","background-size":"auto","background-attachment":"scroll","background-type":"","background-media":"","overlay-type":"","overlay-color":"","overlay-opacity":"","overlay-gradient":""}},"ast-content-background-meta":{"desktop":{"background-color":"var(--ast-global-color-5)","background-image":"","background-repeat":"repeat","background-position":"center center","background-size":"auto","background-attachment":"scroll","background-type":"","background-media":"","overlay-type":"","overlay-color":"","overlay-opacity":"","overlay-gradient":""},"tablet":{"background-color":"var(--ast-global-color-5)","background-image":"","background-repeat":"repeat","background-position":"center center","background-size":"auto","background-attachment":"scroll","background-type":"","background-media":"","overlay-type":"","overlay-color":"","overlay-opacity":"","overlay-gradient":""},"mobile":{"background-color":"var(--ast-global-color-5)","background-image":"","background-repeat":"repeat","background-position":"center center","background-size":"auto","background-attachment":"scroll","background-type":"","background-media":"","overlay-type":"","overlay-color":"","overlay-opacity":"","overlay-gradient":""}},"footnotes":""},"class_list":["post-152","page","type-page","status-publish","hentry"],"uagb_featured_image_src":{"full":false,"thumbnail":false,"medium":false,"medium_large":false,"large":false,"hd_qu_size2":false,"1536x1536":false,"2048x2048":false,"trp-custom-language-flag":false},"uagb_author_info":{"display_name":"administrator","author_link":"https:\/\/alccasablanca.com\/fr\/author\/administrator\/"},"uagb_comment_info":0,"uagb_excerpt":"About Us At the ALC, we are committed to satisfying our learners\u2019 thirst for language learning through personalized academic input. The American Language Center of Casablanca at a Glance Yearly Enrollments 0 K+ Teachers and Staff Memebrs 0 + Clubs &#038; Activities 0 + Our Mission ALC Casablanca is the leading destination for people who\u2026","_links":{"self":[{"href":"https:\/\/alccasablanca.com\/fr\/wp-json\/wp\/v2\/pages\/152","targetHints":{"allow":["GET"]}}],"collection":[{"href":"https:\/\/alccasablanca.com\/fr\/wp-json\/wp\/v2\/pages"}],"about":[{"href":"https:\/\/alccasablanca.com\/fr\/wp-json\/wp\/v2\/types\/page"}],"author":[{"embeddable":true,"href":"https:\/\/alccasablanca.com\/fr\/wp-json\/wp\/v2\/users\/1"}],"replies":[{"embeddable":true,"href":"https:\/\/alccasablanca.com\/fr\/wp-json\/wp\/v2\/comments?post=152"}],"version-history":[{"count":88,"href":"https:\/\/alccasablanca.com\/fr\/wp-json\/wp\/v2\/pages\/152\/revisions"}],"predecessor-version":[{"id":4835,"href":"https:\/\/alccasablanca.com\/fr\/wp-json\/wp\/v2\/pages\/152\/revisions\/4835"}],"wp:attachment":[{"href":"https:\/\/alccasablanca.com\/fr\/wp-json\/wp\/v2\/media?parent=152"}],"curies":[{"name":"wp","href":"https:\/\/api.w.org\/{rel}","templated":true}]}}