{"id":1080,"date":"2022-09-27T08:13:35","date_gmt":"2022-09-27T12:13:35","guid":{"rendered":"http:\/\/alccasablanca.com\/?page_id=1080"},"modified":"2023-05-08T12:05:28","modified_gmt":"2023-05-08T16:05:28","slug":"the-aac","status":"publish","type":"page","link":"https:\/\/alccasablanca.com\/fr\/the-aac\/","title":{"rendered":"The AAC"},"content":{"rendered":"<div data-elementor-type=\"wp-page\" data-elementor-id=\"1080\" class=\"elementor elementor-1080\">\n\t\t\t\t\t\t<section class=\"elementor-section elementor-top-section elementor-element elementor-element-68fx3h1 elementor-section-height-min-height elementor-section-boxed elementor-section-height-default elementor-section-items-middle\" data-id=\"68fx3h1\" data-element_type=\"section\" data-e-type=\"section\" data-settings=\"{&quot;background_background&quot;:&quot;classic&quot;}\">\n\t\t\t\t\t\t<div class=\"elementor-container elementor-column-gap-no\">\n\t\t\t\t\t<div class=\"elementor-column elementor-col-100 elementor-top-column elementor-element elementor-element-e7f04eb\" data-id=\"e7f04eb\" data-element_type=\"column\" data-e-type=\"column\">\n\t\t\t<div class=\"elementor-widget-wrap elementor-element-populated\">\n\t\t\t\t\t\t<div class=\"elementor-element elementor-element-98a5c24 elementor-widget elementor-widget-heading\" data-id=\"98a5c24\" data-element_type=\"widget\" data-e-type=\"widget\" data-widget_type=\"heading.default\">\n\t\t\t\t<div class=\"elementor-widget-container\">\n\t\t\t\t\t<h2 class=\"elementor-heading-title elementor-size-default\">The American Arts Center <br>-Casablanca-<\/h2>\t\t\t\t<\/div>\n\t\t\t\t<\/div>\n\t\t\t\t\t<\/div>\n\t\t<\/div>\n\t\t\t\t\t<\/div>\n\t\t<\/section>\n\t\t\t\t<section class=\"elementor-section elementor-top-section elementor-element elementor-element-96b912f elementor-section-boxed elementor-section-height-default elementor-section-height-default\" data-id=\"96b912f\" data-element_type=\"section\" data-e-type=\"section\">\n\t\t\t\t\t\t<div class=\"elementor-container elementor-column-gap-default\">\n\t\t\t\t\t<div class=\"elementor-column elementor-col-100 elementor-top-column elementor-element elementor-element-aab5c7b\" data-id=\"aab5c7b\" data-element_type=\"column\" data-e-type=\"column\">\n\t\t\t<div class=\"elementor-widget-wrap elementor-element-populated\">\n\t\t\t\t\t\t<div class=\"elementor-element elementor-element-b3a939e elementor-widget elementor-widget-spacer\" data-id=\"b3a939e\" data-element_type=\"widget\" data-e-type=\"widget\" data-widget_type=\"spacer.default\">\n\t\t\t\t<div class=\"elementor-widget-container\">\n\t\t\t\t\t\t\t<div class=\"elementor-spacer\">\n\t\t\t<div class=\"elementor-spacer-inner\"><\/div>\n\t\t<\/div>\n\t\t\t\t\t\t<\/div>\n\t\t\t\t<\/div>\n\t\t\t\t<div class=\"elementor-element elementor-element-745c111 elementor-widget elementor-widget-heading\" data-id=\"745c111\" data-element_type=\"widget\" data-e-type=\"widget\" data-widget_type=\"heading.default\">\n\t\t\t\t<div class=\"elementor-widget-container\">\n\t\t\t\t\t<h3 class=\"elementor-heading-title elementor-size-default\">Pour un Casablanca cr\u00e9atif avec une sc\u00e8ne artistique ind\u00e9pendante forte<\/h3>\t\t\t\t<\/div>\n\t\t\t\t<\/div>\n\t\t\t\t<div class=\"elementor-element elementor-element-64ebc8a elementor-widget elementor-widget-spacer\" data-id=\"64ebc8a\" data-element_type=\"widget\" data-e-type=\"widget\" data-widget_type=\"spacer.default\">\n\t\t\t\t<div class=\"elementor-widget-container\">\n\t\t\t\t\t\t\t<div class=\"elementor-spacer\">\n\t\t\t<div class=\"elementor-spacer-inner\"><\/div>\n\t\t<\/div>\n\t\t\t\t\t\t<\/div>\n\t\t\t\t<\/div>\n\t\t\t\t\t<\/div>\n\t\t<\/div>\n\t\t\t\t\t<\/div>\n\t\t<\/section>\n\t\t\t\t<section class=\"elementor-section elementor-top-section elementor-element elementor-element-f6ccc38 elementor-section-boxed elementor-section-height-default elementor-section-height-default\" data-id=\"f6ccc38\" data-element_type=\"section\" data-e-type=\"section\">\n\t\t\t\t\t\t<div class=\"elementor-container elementor-column-gap-default\">\n\t\t\t\t\t<div class=\"elementor-column elementor-col-100 elementor-top-column elementor-element elementor-element-05b8eab\" data-id=\"05b8eab\" data-element_type=\"column\" data-e-type=\"column\">\n\t\t\t<div class=\"elementor-widget-wrap elementor-element-populated\">\n\t\t\t\t\t\t<div class=\"elementor-element elementor-element-fd72942 gallery-spacing-custom elementor-widget elementor-widget-image-gallery\" data-id=\"fd72942\" data-element_type=\"widget\" data-e-type=\"widget\" data-widget_type=\"image-gallery.default\">\n\t\t\t\t<div class=\"elementor-widget-container\">\n\t\t\t\t\t\t\t<div class=\"elementor-image-gallery\">\n\t\t\t<div id='gallery-1' class='gallery galleryid-1080 gallery-columns-3 gallery-size-full'><figure class='gallery-item'>\n\t\t\t<div class='gallery-icon landscape'>\n\t\t\t\t<a data-elementor-open-lightbox=\"yes\" data-elementor-lightbox-slideshow=\"fd72942\" data-elementor-lightbox-title=\"American Arts Center Casablanca.\" data-e-action-hash=\"#elementor-action%3Aaction%3Dlightbox%26settings%3DeyJpZCI6MTEzNSwidXJsIjoiaHR0cHM6XC9cL2FsY2Nhc2FibGFuY2EuY29tXC93cC1jb250ZW50XC91cGxvYWRzXC8yMDIyXC8wOVwvMS0xLmpwZyIsInNsaWRlc2hvdyI6ImZkNzI5NDIifQ%3D%3D\" href='https:\/\/alccasablanca.com\/wp-content\/uploads\/2022\/09\/1-1.jpg'><img fetchpriority=\"high\" decoding=\"async\" width=\"400\" height=\"400\" src=\"https:\/\/alccasablanca.com\/wp-content\/uploads\/2022\/09\/1-1.jpg\" class=\"attachment-full size-full\" alt=\"American Arts Center Casablanca.\" \/><\/a>\n\t\t\t<\/div><\/figure><figure class='gallery-item'>\n\t\t\t<div class='gallery-icon landscape'>\n\t\t\t\t<a data-elementor-open-lightbox=\"yes\" data-elementor-lightbox-slideshow=\"fd72942\" data-elementor-lightbox-title=\"5th floor\" data-e-action-hash=\"#elementor-action%3Aaction%3Dlightbox%26settings%3DeyJpZCI6MTEzNiwidXJsIjoiaHR0cHM6XC9cL2FsY2Nhc2FibGFuY2EuY29tXC93cC1jb250ZW50XC91cGxvYWRzXC8yMDIyXC8wOVwvMi0yLmpwZyIsInNsaWRlc2hvdyI6ImZkNzI5NDIifQ%3D%3D\" href='https:\/\/alccasablanca.com\/wp-content\/uploads\/2022\/09\/2-2.jpg'><img decoding=\"async\" width=\"400\" height=\"400\" src=\"https:\/\/alccasablanca.com\/wp-content\/uploads\/2022\/09\/2-2.jpg\" class=\"attachment-full size-full\" alt=\"American Arts Center Casablanca.\" \/><\/a>\n\t\t\t<\/div><\/figure><figure class='gallery-item'>\n\t\t\t<div class='gallery-icon landscape'>\n\t\t\t\t<a data-elementor-open-lightbox=\"yes\" data-elementor-lightbox-slideshow=\"fd72942\" data-elementor-lightbox-title=\"theater\" data-e-action-hash=\"#elementor-action%3Aaction%3Dlightbox%26settings%3DeyJpZCI6MTEzNywidXJsIjoiaHR0cHM6XC9cL2FsY2Nhc2FibGFuY2EuY29tXC93cC1jb250ZW50XC91cGxvYWRzXC8yMDIyXC8wOVwvMy0xLmpwZyIsInNsaWRlc2hvdyI6ImZkNzI5NDIifQ%3D%3D\" href='https:\/\/alccasablanca.com\/wp-content\/uploads\/2022\/09\/3-1.jpg'><img decoding=\"async\" width=\"400\" height=\"400\" src=\"https:\/\/alccasablanca.com\/wp-content\/uploads\/2022\/09\/3-1.jpg\" class=\"attachment-full size-full\" alt=\"American Arts Center Casablanca.\" \/><\/a>\n\t\t\t<\/div><\/figure><figure class='gallery-item'>\n\t\t\t<div class='gallery-icon landscape'>\n\t\t\t\t<a data-elementor-open-lightbox=\"yes\" data-elementor-lightbox-slideshow=\"fd72942\" data-elementor-lightbox-title=\"photo gallery.\" data-e-action-hash=\"#elementor-action%3Aaction%3Dlightbox%26settings%3DeyJpZCI6MTEzOCwidXJsIjoiaHR0cHM6XC9cL2FsY2Nhc2FibGFuY2EuY29tXC93cC1jb250ZW50XC91cGxvYWRzXC8yMDIyXC8wOVwvNC0xLmpwZyIsInNsaWRlc2hvdyI6ImZkNzI5NDIifQ%3D%3D\" href='https:\/\/alccasablanca.com\/wp-content\/uploads\/2022\/09\/4-1.jpg'><img loading=\"lazy\" decoding=\"async\" width=\"400\" height=\"400\" src=\"https:\/\/alccasablanca.com\/wp-content\/uploads\/2022\/09\/4-1.jpg\" class=\"attachment-full size-full\" alt=\"American Arts Center Casablanca.\" \/><\/a>\n\t\t\t<\/div><\/figure><figure class='gallery-item'>\n\t\t\t<div class='gallery-icon landscape'>\n\t\t\t\t<a data-elementor-open-lightbox=\"yes\" data-elementor-lightbox-slideshow=\"fd72942\" data-elementor-lightbox-title=\"Jazz concert.\" data-e-action-hash=\"#elementor-action%3Aaction%3Dlightbox%26settings%3DeyJpZCI6MTEzOSwidXJsIjoiaHR0cHM6XC9cL2FsY2Nhc2FibGFuY2EuY29tXC93cC1jb250ZW50XC91cGxvYWRzXC8yMDIyXC8wOVwvNS0xLmpwZyIsInNsaWRlc2hvdyI6ImZkNzI5NDIifQ%3D%3D\" href='https:\/\/alccasablanca.com\/wp-content\/uploads\/2022\/09\/5-1.jpg'><img loading=\"lazy\" decoding=\"async\" width=\"400\" height=\"400\" src=\"https:\/\/alccasablanca.com\/wp-content\/uploads\/2022\/09\/5-1.jpg\" class=\"attachment-full size-full\" alt=\"American Arts Center Casablanca.\" \/><\/a>\n\t\t\t<\/div><\/figure><figure class='gallery-item'>\n\t\t\t<div class='gallery-icon landscape'>\n\t\t\t\t<a data-elementor-open-lightbox=\"yes\" data-elementor-lightbox-slideshow=\"fd72942\" data-elementor-lightbox-title=\"Film club\" data-e-action-hash=\"#elementor-action%3Aaction%3Dlightbox%26settings%3DeyJpZCI6MTE0MCwidXJsIjoiaHR0cHM6XC9cL2FsY2Nhc2FibGFuY2EuY29tXC93cC1jb250ZW50XC91cGxvYWRzXC8yMDIyXC8wOVwvNi0xLmpwZyIsInNsaWRlc2hvdyI6ImZkNzI5NDIifQ%3D%3D\" href='https:\/\/alccasablanca.com\/wp-content\/uploads\/2022\/09\/6-1.jpg'><img loading=\"lazy\" decoding=\"async\" width=\"400\" height=\"400\" src=\"https:\/\/alccasablanca.com\/wp-content\/uploads\/2022\/09\/6-1.jpg\" class=\"attachment-full size-full\" alt=\"American Arts Center Casablanca.\" \/><\/a>\n\t\t\t<\/div><\/figure><figure class='gallery-item'>\n\t\t\t<div class='gallery-icon landscape'>\n\t\t\t\t<a data-elementor-open-lightbox=\"yes\" data-elementor-lightbox-slideshow=\"fd72942\" data-elementor-lightbox-title=\"The Leila.\" data-e-action-hash=\"#elementor-action%3Aaction%3Dlightbox%26settings%3DeyJpZCI6MTE0MSwidXJsIjoiaHR0cHM6XC9cL2FsY2Nhc2FibGFuY2EuY29tXC93cC1jb250ZW50XC91cGxvYWRzXC8yMDIyXC8wOVwvNy0xLmpwZyIsInNsaWRlc2hvdyI6ImZkNzI5NDIifQ%3D%3D\" href='https:\/\/alccasablanca.com\/wp-content\/uploads\/2022\/09\/7-1.jpg'><img loading=\"lazy\" decoding=\"async\" width=\"400\" height=\"400\" src=\"https:\/\/alccasablanca.com\/wp-content\/uploads\/2022\/09\/7-1.jpg\" class=\"attachment-full size-full\" alt=\"American Arts Center Casablanca.\" \/><\/a>\n\t\t\t<\/div><\/figure><figure class='gallery-item'>\n\t\t\t<div class='gallery-icon landscape'>\n\t\t\t\t<a data-elementor-open-lightbox=\"yes\" data-elementor-lightbox-slideshow=\"fd72942\" data-elementor-lightbox-title=\"Gnawa concert1\" data-e-action-hash=\"#elementor-action%3Aaction%3Dlightbox%26settings%3DeyJpZCI6MTE0NSwidXJsIjoiaHR0cHM6XC9cL2FsY2Nhc2FibGFuY2EuY29tXC93cC1jb250ZW50XC91cGxvYWRzXC8yMDIyXC8wOVwvQUFDLTQwMDQwMC0xLmpwZyIsInNsaWRlc2hvdyI6ImZkNzI5NDIifQ%3D%3D\" href='https:\/\/alccasablanca.com\/wp-content\/uploads\/2022\/09\/AAC-400400-1.jpg'><img loading=\"lazy\" decoding=\"async\" width=\"400\" height=\"400\" src=\"https:\/\/alccasablanca.com\/wp-content\/uploads\/2022\/09\/AAC-400400-1.jpg\" class=\"attachment-full size-full\" alt=\"American Arts Center Casablanca.\" \/><\/a>\n\t\t\t<\/div><\/figure><figure class='gallery-item'>\n\t\t\t<div class='gallery-icon landscape'>\n\t\t\t\t<a data-elementor-open-lightbox=\"yes\" data-elementor-lightbox-slideshow=\"fd72942\" data-elementor-lightbox-title=\"Gnawa concert\" data-e-action-hash=\"#elementor-action%3Aaction%3Dlightbox%26settings%3DeyJpZCI6MTE0NiwidXJsIjoiaHR0cHM6XC9cL2FsY2Nhc2FibGFuY2EuY29tXC93cC1jb250ZW50XC91cGxvYWRzXC8yMDIyXC8wOVwvQUFDLTQwMDQwMC5qcGciLCJzbGlkZXNob3ciOiJmZDcyOTQyIn0%3D\" href='https:\/\/alccasablanca.com\/wp-content\/uploads\/2022\/09\/AAC-400400.jpg'><img loading=\"lazy\" decoding=\"async\" width=\"400\" height=\"400\" src=\"https:\/\/alccasablanca.com\/wp-content\/uploads\/2022\/09\/AAC-400400.jpg\" class=\"attachment-full size-full\" alt=\"American Arts Center Casablanca.\" \/><\/a>\n\t\t\t<\/div><\/figure>\n\t\t<\/div>\n\t\t<\/div>\n\t\t\t\t\t\t<\/div>\n\t\t\t\t<\/div>\n\t\t\t\t<section class=\"elementor-section elementor-inner-section elementor-element elementor-element-40064b3 elementor-section-boxed elementor-section-height-default elementor-section-height-default\" data-id=\"40064b3\" data-element_type=\"section\" data-e-type=\"section\">\n\t\t\t\t\t\t<div class=\"elementor-container elementor-column-gap-default\">\n\t\t\t\t\t<div class=\"elementor-column elementor-col-100 elementor-inner-column elementor-element elementor-element-2e8497d\" data-id=\"2e8497d\" data-element_type=\"column\" data-e-type=\"column\">\n\t\t\t<div class=\"elementor-widget-wrap elementor-element-populated\">\n\t\t\t\t\t\t<div class=\"elementor-element elementor-element-e1f612d elementor-widget elementor-widget-video\" data-id=\"e1f612d\" data-element_type=\"widget\" data-e-type=\"widget\" data-settings=\"{&quot;youtube_url&quot;:&quot;https:\\\/\\\/www.youtube.com\\\/watch?v=0BEKgyBnUnM&quot;,&quot;video_type&quot;:&quot;youtube&quot;,&quot;controls&quot;:&quot;yes&quot;}\" data-widget_type=\"video.default\">\n\t\t\t\t<div class=\"elementor-widget-container\">\n\t\t\t\t\t\t\t<div class=\"elementor-wrapper elementor-open-inline\">\n\t\t\t<div class=\"elementor-video\"><\/div>\t\t<\/div>\n\t\t\t\t\t\t<\/div>\n\t\t\t\t<\/div>\n\t\t\t\t\t<\/div>\n\t\t<\/div>\n\t\t\t\t\t<\/div>\n\t\t<\/section>\n\t\t\t\t\t<\/div>\n\t\t<\/div>\n\t\t\t\t\t<\/div>\n\t\t<\/section>\n\t\t\t\t<section class=\"elementor-section elementor-top-section elementor-element elementor-element-q8g982v elementor-section-boxed elementor-section-height-default elementor-section-height-default\" data-id=\"q8g982v\" data-element_type=\"section\" data-e-type=\"section\" data-settings=\"{&quot;background_background&quot;:&quot;classic&quot;}\">\n\t\t\t\t\t\t<div class=\"elementor-container elementor-column-gap-no\">\n\t\t\t\t\t<div class=\"elementor-column elementor-col-100 elementor-top-column elementor-element elementor-element-0018f8f\" data-id=\"0018f8f\" data-element_type=\"column\" data-e-type=\"column\">\n\t\t\t<div class=\"elementor-widget-wrap elementor-element-populated\">\n\t\t\t\t\t\t<div class=\"elementor-element elementor-element-e03edeb elementor-widget elementor-widget-heading\" data-id=\"e03edeb\" data-element_type=\"widget\" data-e-type=\"widget\" data-widget_type=\"heading.default\">\n\t\t\t\t<div class=\"elementor-widget-container\">\n\t\t\t\t\t<h1 class=\"elementor-heading-title elementor-size-default\">The AAC<\/h1>\t\t\t\t<\/div>\n\t\t\t\t<\/div>\n\t\t\t\t<div class=\"elementor-element elementor-element-a38212d elementor-widget elementor-widget-heading\" data-id=\"a38212d\" data-element_type=\"widget\" data-e-type=\"widget\" data-widget_type=\"heading.default\">\n\t\t\t\t<div class=\"elementor-widget-container\">\n\t\t\t\t\t<h3 class=\"elementor-heading-title elementor-size-default\">Ouverture officielle<\/h3>\t\t\t\t<\/div>\n\t\t\t\t<\/div>\n\t\t\t\t<div class=\"elementor-element elementor-element-b6a433b elementor-widget elementor-widget-text-editor\" data-id=\"b6a433b\" data-element_type=\"widget\" data-e-type=\"widget\" data-widget_type=\"text-editor.default\">\n\t\t\t\t<div class=\"elementor-widget-container\">\n\t\t\t\t\t\t\t\t\t<p class=\"has-text-align-center\">Apr\u00e8s presque cinq d\u00e9cennies au service de la communaut\u00e9 marocaine, l'American Language Center de Casablanca a contribu\u00e9 au d\u00e9veloppement de l'\u00e9cosyst\u00e8me culturel et artistique de la ville.<br \/><span style=\"font-size: 16px;\">L'American Arts Center est un espace \u00e0 but non lucratif, une extension de l'ALC Casablanca et, en tant qu'espace multidisciplinaire et inclusif, il vise \u00e0 cultiver et \u00e0 encourager l'innovation et la cr\u00e9ation dans le domaine des arts et de l'\u00e9ducation. Gr\u00e2ce \u00e0 son programme vari\u00e9 d'expositions, d'activit\u00e9s acad\u00e9miques et culturelles, l'AAC vise non seulement \u00e0 rassembler les artistes et les communaut\u00e9s, mais aussi \u00e0 faire progresser les \u00e9changes culturels et l'innovation au Maroc par le biais de programmes dynamiques, y compris des ateliers d'artistes, des \u00e9v\u00e9nements publics ouverts, des classes de studio, des opportunit\u00e9s de d\u00e9veloppement professionnel, des \u00e9changes acad\u00e9miques et une r\u00e9sidence d'art internationale.<br \/><\/span><span style=\"font-size: 16px;\">Situ\u00e9 au c\u0153ur du quartier Gauthier, un centre culturel dynamique de Casablanca, l'ACC dispose d'un espace de 284 m\u00b2 comprenant un th\u00e9\u00e2tre\/cin\u00e9ma de 150 places avec mezzanine, trois niveaux d'espace d'exposition, des salles de r\u00e9union individuelles c\u00e2bl\u00e9es pour l'audio et la vid\u00e9o, et un espace panoramique au cinqui\u00e8me \u00e9tage avec terrasse, surplombant le quartier Art d\u00e9co de Casablanca. L'ACC se trouve \u00e0 10 minutes \u00e0 pied du Parc de la Ligue Arabe, avec un acc\u00e8s tr\u00e8s pratique.<br \/><\/span><span style=\"font-size: 16px;\">We\u00a0<\/span><em style=\"font-size: 16px;\">look forward<\/em><span style=\"font-size: 16px;\">\u00a0to having\u00a0<\/span><em style=\"font-size: 16px;\">you<\/em><span style=\"font-size: 16px;\">\u00a0Rejoignez-nous et profitez de notre programme vari\u00e9 comprenant des ateliers, des films, des concerts, de la danse et bien plus encore.<\/span><\/p>\t\t\t\t\t\t\t\t<\/div>\n\t\t\t\t<\/div>\n\t\t\t\t<section class=\"elementor-section elementor-inner-section elementor-element elementor-element-5618cc7 elementor-section-boxed elementor-section-height-default elementor-section-height-default\" data-id=\"5618cc7\" data-element_type=\"section\" data-e-type=\"section\">\n\t\t\t\t\t\t<div class=\"elementor-container elementor-column-gap-default\">\n\t\t\t\t\t<div class=\"elementor-column elementor-col-100 elementor-inner-column elementor-element elementor-element-95e5e24\" data-id=\"95e5e24\" data-element_type=\"column\" data-e-type=\"column\">\n\t\t\t<div class=\"elementor-widget-wrap elementor-element-populated\">\n\t\t\t\t\t\t<div class=\"elementor-element elementor-element-ac70395 elementor-widget elementor-widget-heading\" data-id=\"ac70395\" data-element_type=\"widget\" data-e-type=\"widget\" data-widget_type=\"heading.default\">\n\t\t\t\t<div class=\"elementor-widget-container\">\n\t\t\t\t\t<h3 class=\"elementor-heading-title elementor-size-default\">D\u00e9claration de mission<\/h3>\t\t\t\t<\/div>\n\t\t\t\t<\/div>\n\t\t\t\t\t<\/div>\n\t\t<\/div>\n\t\t\t\t\t<\/div>\n\t\t<\/section>\n\t\t\t\t<div class=\"elementor-element elementor-element-eed4a0d elementor-widget elementor-widget-text-editor\" data-id=\"eed4a0d\" data-element_type=\"widget\" data-e-type=\"widget\" data-widget_type=\"text-editor.default\">\n\t\t\t\t<div class=\"elementor-widget-container\">\n\t\t\t\t\t\t\t\t\t<div class=\"wp-block-columns are-vertically-aligned-center\"><div class=\"wp-block-column is-vertically-aligned-center\"><figure class=\"wp-block-pullquote\"><blockquote><p><em>Enrichir la vie de la communaut\u00e9 par l'\u00e9ducation et les exp\u00e9riences artistiques et culturelles.<\/em><\/p><p><em>Soutenir les artistes locaux et r\u00e9gionaux en leur offrant la possibilit\u00e9 de d\u00e9velopper et de d\u00e9montrer leur art.<\/em><\/p><\/blockquote><\/figure><\/div><\/div>\t\t\t\t\t\t\t\t<\/div>\n\t\t\t\t<\/div>\n\t\t\t\t\t<\/div>\n\t\t<\/div>\n\t\t\t\t\t<\/div>\n\t\t<\/section>\n\t\t\t\t<section class=\"elementor-section elementor-top-section elementor-element elementor-element-60aea00 elementor-section-boxed elementor-section-height-default elementor-section-height-default\" data-id=\"60aea00\" data-element_type=\"section\" data-e-type=\"section\">\n\t\t\t\t\t\t<div class=\"elementor-container elementor-column-gap-default\">\n\t\t\t\t\t<div class=\"elementor-column elementor-col-100 elementor-top-column elementor-element elementor-element-824eb6b\" data-id=\"824eb6b\" data-element_type=\"column\" data-e-type=\"column\">\n\t\t\t<div class=\"elementor-widget-wrap elementor-element-populated\">\n\t\t\t\t\t\t<div class=\"elementor-element elementor-element-9f38947 elementor-widget elementor-widget-heading\" data-id=\"9f38947\" data-element_type=\"widget\" data-e-type=\"widget\" data-widget_type=\"heading.default\">\n\t\t\t\t<div class=\"elementor-widget-container\">\n\t\t\t\t\t<h3 class=\"elementor-heading-title elementor-size-default\">02 Rue Khalil Matrane, Gauthier, Casablanca, Morocco \n02 \u0632\u0646\u0642\u0629 \u062e\u0644\u064a\u0644 \u0645\u0637\u0631\u0627\u0646\u060c \u063a\u0648\u062a\u064a\u064a\u060c \u0627\u0644\u062f\u0627\u0631 \u0627\u0644\u0628\u064a\u0636\u0627\u0621<\/h3>\t\t\t\t<\/div>\n\t\t\t\t<\/div>\n\t\t\t\t\t<\/div>\n\t\t<\/div>\n\t\t\t\t\t<\/div>\n\t\t<\/section>\n\t\t\t\t<section class=\"elementor-section elementor-top-section elementor-element elementor-element-94eee6d elementor-section-boxed elementor-section-height-default elementor-section-height-default\" data-id=\"94eee6d\" data-element_type=\"section\" data-e-type=\"section\">\n\t\t\t\t\t\t<div class=\"elementor-container elementor-column-gap-default\">\n\t\t\t\t\t<div class=\"elementor-column elementor-col-100 elementor-top-column elementor-element elementor-element-eb608b0\" data-id=\"eb608b0\" data-element_type=\"column\" data-e-type=\"column\">\n\t\t\t<div class=\"elementor-widget-wrap elementor-element-populated\">\n\t\t\t\t\t\t<div class=\"elementor-element elementor-element-d6c7d49 elementor-widget elementor-widget-google_maps\" data-id=\"d6c7d49\" data-element_type=\"widget\" data-e-type=\"widget\" data-widget_type=\"google_maps.default\">\n\t\t\t\t<div class=\"elementor-widget-container\">\n\t\t\t\t\t\t\t<div class=\"elementor-custom-embed\">\n\t\t\t<iframe loading=\"lazy\"\n\t\t\t\t\tsrc=\"https:\/\/maps.google.com\/maps?q=2%20Rue%20Khalil%20Matrane%2C%20Gauthier%2C%20Casablanca%2C%20Morocco&#038;t=m&#038;z=17&#038;output=embed&#038;iwloc=near\"\n\t\t\t\t\ttitle=\"2 Rue Khalil Matrane, Gauthier, Casablanca, Morocco\"\n\t\t\t\t\taria-label=\"2 Rue Khalil Matrane, Gauthier, Casablanca, Morocco\"\n\t\t\t><\/iframe>\n\t\t<\/div>\n\t\t\t\t\t\t<\/div>\n\t\t\t\t<\/div>\n\t\t\t\t\t<\/div>\n\t\t<\/div>\n\t\t\t\t\t<\/div>\n\t\t<\/section>\n\t\t\t\t<\/div>","protected":false},"excerpt":{"rendered":"<p>The American Arts Center -Casablanca- For a creative Casablanca with a strong independent art scene The AAC Grand Opening After almost 5 decades of serving the Moroccan community, the American Language Center in Casablanca has contributed to the development of the city\u2019s cultural and artistic ecosystem.The American Arts Center is a non-profit space, an extension [&hellip;]<\/p>\n","protected":false},"author":1,"featured_media":0,"parent":0,"menu_order":0,"comment_status":"closed","ping_status":"closed","template":"","meta":{"_uag_custom_page_level_css":"","site-sidebar-layout":"no-sidebar","site-content-layout":"page-builder","ast-site-content-layout":"default","site-content-style":"default","site-sidebar-style":"default","ast-global-header-display":"","ast-banner-title-visibility":"","ast-main-header-display":"","ast-hfb-above-header-display":"","ast-hfb-below-header-display":"","ast-hfb-mobile-header-display":"","site-post-title":"disabled","ast-breadcrumbs-content":"","ast-featured-img":"disabled","footer-sml-layout":"","ast-disable-related-posts":"","theme-transparent-header-meta":"","adv-header-id-meta":"","stick-header-meta":"","header-above-stick-meta":"","header-main-stick-meta":"","header-below-stick-meta":"","astra-migrate-meta-layouts":"default","ast-page-background-enabled":"default","ast-page-background-meta":{"desktop":{"background-color":"","background-image":"","background-repeat":"repeat","background-position":"center center","background-size":"auto","background-attachment":"scroll","background-type":"","background-media":"","overlay-type":"","overlay-color":"","overlay-opacity":"","overlay-gradient":""},"tablet":{"background-color":"","background-image":"","background-repeat":"repeat","background-position":"center center","background-size":"auto","background-attachment":"scroll","background-type":"","background-media":"","overlay-type":"","overlay-color":"","overlay-opacity":"","overlay-gradient":""},"mobile":{"background-color":"","background-image":"","background-repeat":"repeat","background-position":"center center","background-size":"auto","background-attachment":"scroll","background-type":"","background-media":"","overlay-type":"","overlay-color":"","overlay-opacity":"","overlay-gradient":""}},"ast-content-background-meta":{"desktop":{"background-color":"var(--ast-global-color-5)","background-image":"","background-repeat":"repeat","background-position":"center center","background-size":"auto","background-attachment":"scroll","background-type":"","background-media":"","overlay-type":"","overlay-color":"","overlay-opacity":"","overlay-gradient":""},"tablet":{"background-color":"var(--ast-global-color-5)","background-image":"","background-repeat":"repeat","background-position":"center center","background-size":"auto","background-attachment":"scroll","background-type":"","background-media":"","overlay-type":"","overlay-color":"","overlay-opacity":"","overlay-gradient":""},"mobile":{"background-color":"var(--ast-global-color-5)","background-image":"","background-repeat":"repeat","background-position":"center center","background-size":"auto","background-attachment":"scroll","background-type":"","background-media":"","overlay-type":"","overlay-color":"","overlay-opacity":"","overlay-gradient":""}},"footnotes":""},"class_list":["post-1080","page","type-page","status-publish","hentry"],"uagb_featured_image_src":{"full":false,"thumbnail":false,"medium":false,"medium_large":false,"large":false,"hd_qu_size2":false,"1536x1536":false,"2048x2048":false,"trp-custom-language-flag":false},"uagb_author_info":{"display_name":"administrator","author_link":"https:\/\/alccasablanca.com\/fr\/author\/administrator\/"},"uagb_comment_info":0,"uagb_excerpt":"The American Arts Center -Casablanca- For a creative Casablanca with a strong independent art scene The AAC Grand Opening After almost 5 decades of serving the Moroccan community, the American Language Center in Casablanca has contributed to the development of the city\u2019s cultural and artistic ecosystem.The American Arts Center is a non-profit space, an extension\u2026","_links":{"self":[{"href":"https:\/\/alccasablanca.com\/fr\/wp-json\/wp\/v2\/pages\/1080","targetHints":{"allow":["GET"]}}],"collection":[{"href":"https:\/\/alccasablanca.com\/fr\/wp-json\/wp\/v2\/pages"}],"about":[{"href":"https:\/\/alccasablanca.com\/fr\/wp-json\/wp\/v2\/types\/page"}],"author":[{"embeddable":true,"href":"https:\/\/alccasablanca.com\/fr\/wp-json\/wp\/v2\/users\/1"}],"replies":[{"embeddable":true,"href":"https:\/\/alccasablanca.com\/fr\/wp-json\/wp\/v2\/comments?post=1080"}],"version-history":[{"count":103,"href":"https:\/\/alccasablanca.com\/fr\/wp-json\/wp\/v2\/pages\/1080\/revisions"}],"predecessor-version":[{"id":3099,"href":"https:\/\/alccasablanca.com\/fr\/wp-json\/wp\/v2\/pages\/1080\/revisions\/3099"}],"wp:attachment":[{"href":"https:\/\/alccasablanca.com\/fr\/wp-json\/wp\/v2\/media?parent=1080"}],"curies":[{"name":"wp","href":"https:\/\/api.w.org\/{rel}","templated":true}]}}