{"id":1034,"date":"2022-09-26T10:01:10","date_gmt":"2022-09-26T14:01:10","guid":{"rendered":"http:\/\/alccasablanca.com\/?page_id=1034"},"modified":"2024-06-03T10:01:19","modified_gmt":"2024-06-03T14:01:19","slug":"jobss","status":"publish","type":"page","link":"https:\/\/alccasablanca.com\/fr\/jobss\/","title":{"rendered":"Emplois"},"content":{"rendered":"<div data-elementor-type=\"wp-page\" data-elementor-id=\"1034\" class=\"elementor elementor-1034\">\n\t\t\t\t\t\t<section class=\"elementor-section elementor-top-section elementor-element elementor-element-8821373 elementor-section-boxed elementor-section-height-default elementor-section-height-default\" data-id=\"8821373\" data-element_type=\"section\" data-e-type=\"section\">\n\t\t\t\t\t\t\t<div class=\"elementor-background-overlay\"><\/div>\n\t\t\t\t\t\t\t<div class=\"elementor-container elementor-column-gap-default\">\n\t\t\t\t\t<div class=\"elementor-column elementor-col-100 elementor-top-column elementor-element elementor-element-41ed8a2\" data-id=\"41ed8a2\" data-element_type=\"column\" data-e-type=\"column\">\n\t\t\t<div class=\"elementor-widget-wrap elementor-element-populated\">\n\t\t\t\t\t\t<div class=\"elementor-element elementor-element-a0967cd elementor-widget elementor-widget-heading\" data-id=\"a0967cd\" data-element_type=\"widget\" data-e-type=\"widget\" data-widget_type=\"heading.default\">\n\t\t\t\t<div class=\"elementor-widget-container\">\n\t\t\t\t\t<h2 class=\"elementor-heading-title elementor-size-default\">Emplois<\/h2>\t\t\t\t<\/div>\n\t\t\t\t<\/div>\n\t\t\t\t\t<\/div>\n\t\t<\/div>\n\t\t\t\t\t<\/div>\n\t\t<\/section>\n\t\t\t\t<section class=\"elementor-section elementor-top-section elementor-element elementor-element-d828269 elementor-section-content-middle elementor-section-boxed elementor-section-height-default elementor-section-height-default\" data-id=\"d828269\" data-element_type=\"section\" data-e-type=\"section\">\n\t\t\t\t\t\t<div class=\"elementor-container elementor-column-gap-no\">\n\t\t\t\t\t<div class=\"elementor-column elementor-col-100 elementor-top-column elementor-element elementor-element-79032bd6\" data-id=\"79032bd6\" data-element_type=\"column\" data-e-type=\"column\">\n\t\t\t<div class=\"elementor-widget-wrap elementor-element-populated\">\n\t\t\t\t\t\t<div class=\"elementor-element elementor-element-4a3cd05f elementor-widget elementor-widget-heading\" data-id=\"4a3cd05f\" data-element_type=\"widget\" data-e-type=\"widget\" data-widget_type=\"heading.default\">\n\t\t\t\t<div class=\"elementor-widget-container\">\n\t\t\t\t\t<h4 class=\"elementor-heading-title elementor-size-default\">Nous recrutons<\/h4>\t\t\t\t<\/div>\n\t\t\t\t<\/div>\n\t\t\t\t<div class=\"elementor-element elementor-element-2fa49dd9 elementor-widget elementor-widget-toggle\" data-id=\"2fa49dd9\" data-element_type=\"widget\" data-e-type=\"widget\" data-widget_type=\"toggle.default\">\n\t\t\t\t<div class=\"elementor-widget-container\">\n\t\t\t\t\t\t\t<div class=\"elementor-toggle\">\n\t\t\t\t\t\t\t<div class=\"elementor-toggle-item\">\n\t\t\t\t\t<div id=\"elementor-tab-title-7991\" class=\"elementor-tab-title\" data-tab=\"1\" role=\"button\" aria-controls=\"elementor-tab-content-7991\" aria-expanded=\"false\">\n\t\t\t\t\t\t\t\t\t\t\t\t<span class=\"elementor-toggle-icon elementor-toggle-icon-right\" aria-hidden=\"true\">\n\t\t\t\t\t\t\t\t\t\t\t\t\t\t\t<span class=\"elementor-toggle-icon-closed\"><i class=\"fas fa-caret-right\"><\/i><\/span>\n\t\t\t\t\t\t\t\t<span class=\"elementor-toggle-icon-opened\"><i class=\"elementor-toggle-icon-opened fas fa-caret-up\"><\/i><\/span>\n\t\t\t\t\t\t\t\t\t\t\t\t\t<\/span>\n\t\t\t\t\t\t\t\t\t\t\t\t<a class=\"elementor-toggle-title\" tabindex=\"0\">Emploi<\/a>\n\t\t\t\t\t<\/div>\n\n\t\t\t\t\t<div id=\"elementor-tab-content-7991\" class=\"elementor-tab-content elementor-clearfix\" data-tab=\"1\" role=\"region\" aria-labelledby=\"elementor-tab-title-7991\"><p><strong><u>Fonction<\/u><\/strong>: Enseignants d'anglais natifs\u00a0<\/p><p>L'American Language Center est un centre de langues de premier plan au Maroc qui se consacre \u00e0 l'enseignement des langues de haute qualit\u00e9 \u00e0 une communaut\u00e9 diversifi\u00e9e d'\u00e9tudiants. Nous sommes fiers de notre engagement en faveur de l'excellence, de l'enrichissement culturel et du d\u00e9veloppement acad\u00e9mique.  Dans le cadre de notre mission permanente d'autonomisation des \u00e9tudiants et de promotion des comp\u00e9tences linguistiques, nous recherchons des professeurs de langue maternelle anglaise hautement motiv\u00e9s et d\u00e9vou\u00e9s. Les candidats s\u00e9lectionn\u00e9s devront arriver au Maroc d\u00e9but janvier pour l'orientation et l'installation.<\/p><p>L'ALC offre un environnement de travail bien soutenu et une gestion flexible et attentionn\u00e9e. Nos enseignants sont des professionnels d\u00e9vou\u00e9s qui s'int\u00e9ressent avant tout \u00e0 leurs \u00e9l\u00e8ves. Ils connaissent les m\u00e9thodes d'enseignement actuelles, se consacrent \u00e0 leur propre d\u00e9veloppement professionnel et s'engagent dans la mission de l'\u00e9cole. Les enseignants ont acc\u00e8s \u00e0 une vaste salle de ressources mat\u00e9rielles qui facilite leur enseignement. L'ALC Casablanca a r\u00e9cemment ouvert un nouveau centre d'art am\u00e9ricain, un b\u00e2timent artistique et culturel de six \u00e9tages destin\u00e9 \u00e0 rendre service \u00e0 notre communaut\u00e9 et \u00e0 offrir de nombreuses opportunit\u00e9s aux enseignants et aux \u00e9tudiants.<\/p><\/div>\n\t\t\t\t<\/div>\n\t\t\t\t\t\t\t<div class=\"elementor-toggle-item\">\n\t\t\t\t\t<div id=\"elementor-tab-title-7992\" class=\"elementor-tab-title\" data-tab=\"2\" role=\"button\" aria-controls=\"elementor-tab-content-7992\" aria-expanded=\"false\">\n\t\t\t\t\t\t\t\t\t\t\t\t<span class=\"elementor-toggle-icon elementor-toggle-icon-right\" aria-hidden=\"true\">\n\t\t\t\t\t\t\t\t\t\t\t\t\t\t\t<span class=\"elementor-toggle-icon-closed\"><i class=\"fas fa-caret-right\"><\/i><\/span>\n\t\t\t\t\t\t\t\t<span class=\"elementor-toggle-icon-opened\"><i class=\"elementor-toggle-icon-opened fas fa-caret-up\"><\/i><\/span>\n\t\t\t\t\t\t\t\t\t\t\t\t\t<\/span>\n\t\t\t\t\t\t\t\t\t\t\t\t<a class=\"elementor-toggle-title\" tabindex=\"0\">Avantages<\/a>\n\t\t\t\t\t<\/div>\n\n\t\t\t\t\t<div id=\"elementor-tab-content-7992\" class=\"elementor-tab-content elementor-clearfix\" data-tab=\"2\" role=\"region\" aria-labelledby=\"elementor-tab-title-7992\"><ul><li>Indemnit\u00e9 de logement et visa de travail.<\/li><li>Cong\u00e9s annuels et autres jours f\u00e9ri\u00e9s pay\u00e9s.<\/li><li>Assurance m\u00e9dicale couvrant 80 % de la plupart des frais m\u00e9dicaux et de certains frais dentaires.<\/li><li>24 heures de cong\u00e9s maladie pay\u00e9s<\/li><li>Remboursement des frais de vol \u00e0 d\u00e9terminer<\/li><li>Ateliers pour d\u00e9velopper vos comp\u00e9tences en tant qu'enseignant et programme d'orientation avant d'enseigner le premier trimestre.<\/li><li>Le ALC Casablanca offre des salaires comp\u00e9titifs dans notre r\u00e9gion, ce qui fait du SLA une option attrayante pour les personnes qui cherchent \u00e0 vivre confortablement tout en enseignant \u00e0 l'\u00e9tranger.<\/li><\/ul><\/div>\n\t\t\t\t<\/div>\n\t\t\t\t\t\t\t<div class=\"elementor-toggle-item\">\n\t\t\t\t\t<div id=\"elementor-tab-title-7993\" class=\"elementor-tab-title\" data-tab=\"3\" role=\"button\" aria-controls=\"elementor-tab-content-7993\" aria-expanded=\"false\">\n\t\t\t\t\t\t\t\t\t\t\t\t<span class=\"elementor-toggle-icon elementor-toggle-icon-right\" aria-hidden=\"true\">\n\t\t\t\t\t\t\t\t\t\t\t\t\t\t\t<span class=\"elementor-toggle-icon-closed\"><i class=\"fas fa-caret-right\"><\/i><\/span>\n\t\t\t\t\t\t\t\t<span class=\"elementor-toggle-icon-opened\"><i class=\"elementor-toggle-icon-opened fas fa-caret-up\"><\/i><\/span>\n\t\t\t\t\t\t\t\t\t\t\t\t\t<\/span>\n\t\t\t\t\t\t\t\t\t\t\t\t<a class=\"elementor-toggle-title\" tabindex=\"0\">Salaire<\/a>\n\t\t\t\t\t<\/div>\n\n\t\t\t\t\t<div id=\"elementor-tab-content-7993\" class=\"elementor-tab-content elementor-clearfix\" data-tab=\"3\" role=\"region\" aria-labelledby=\"elementor-tab-title-7993\"><ul><li>Le ALC Casablanca offre des salaires comp\u00e9titifs dans notre r\u00e9gion, ce qui fait du SLA une option attrayante pour les personnes qui cherchent \u00e0 vivre confortablement tout en enseignant \u00e0 l'\u00e9tranger.<\/li><\/ul><\/div>\n\t\t\t\t<\/div>\n\t\t\t\t\t\t\t<div class=\"elementor-toggle-item\">\n\t\t\t\t\t<div id=\"elementor-tab-title-7994\" class=\"elementor-tab-title\" data-tab=\"4\" role=\"button\" aria-controls=\"elementor-tab-content-7994\" aria-expanded=\"false\">\n\t\t\t\t\t\t\t\t\t\t\t\t<span class=\"elementor-toggle-icon elementor-toggle-icon-right\" aria-hidden=\"true\">\n\t\t\t\t\t\t\t\t\t\t\t\t\t\t\t<span class=\"elementor-toggle-icon-closed\"><i class=\"fas fa-caret-right\"><\/i><\/span>\n\t\t\t\t\t\t\t\t<span class=\"elementor-toggle-icon-opened\"><i class=\"elementor-toggle-icon-opened fas fa-caret-up\"><\/i><\/span>\n\t\t\t\t\t\t\t\t\t\t\t\t\t<\/span>\n\t\t\t\t\t\t\t\t\t\t\t\t<a class=\"elementor-toggle-title\" tabindex=\"0\">Comment poser sa candidature<\/a>\n\t\t\t\t\t<\/div>\n\n\t\t\t\t\t<div id=\"elementor-tab-content-7994\" class=\"elementor-tab-content elementor-clearfix\" data-tab=\"4\" role=\"region\" aria-labelledby=\"elementor-tab-title-7994\"><p>Une demande d'emploi aupr\u00e8s de la ALC Casablanca doit \u00eatre soumise \u00e0 l'adresse suivante\u00a0<strong>\u201ccasarecruit@acamorocco.org\u201d<\/strong>\u00a0et doit comprendre les \u00e9l\u00e9ments suivants (au minimum) :<\/p><ul><li>Un CV au format PDF ;<\/li><li>Une lettre au format PDF dans laquelle vous vous pr\u00e9sentez et expliquez pourquoi vous souhaitez enseigner \u00e0 l'ALC et vivre au Maroc.<\/li><li>Un scan du passeport \u00e0 partir de la page photo<br \/><br \/>Les candidatures hautement comp\u00e9titives comprendront \u00e9galement<\/li><\/ul><ul><li>Lettres de recommandation (r\u00e9f\u00e9rences universitaires et\/ou professionnelles, y compris votre dernier emploi)<\/li><li>Une copie num\u00e9ris\u00e9e en format JPEG ou PDF de votre (vos) dipl\u00f4me(s) universitaire(s) et de votre certificat TESOL\/TEFL. (Vous pouvez inclure des copies des certificats de participation aux ateliers et s\u00e9minaires.<br \/>Ils peuvent \u00eatre soumis par courrier \u00e9lectronique \u00e0 l'adresse ci-dessus ou, si les candidats sont locaux, \u00e0 la r\u00e9ception de l'ALC. (Voir la page\u00a0<a href=\"http:\/\/casablanca.aca.org.ma\/contact-us\/\">page des contacts<\/a>\u00a0for details.)<\/li><\/ul><\/div>\n\t\t\t\t<\/div>\n\t\t\t\t\t\t\t<div class=\"elementor-toggle-item\">\n\t\t\t\t\t<div id=\"elementor-tab-title-7995\" class=\"elementor-tab-title\" data-tab=\"5\" role=\"button\" aria-controls=\"elementor-tab-content-7995\" aria-expanded=\"false\">\n\t\t\t\t\t\t\t\t\t\t\t\t<span class=\"elementor-toggle-icon elementor-toggle-icon-right\" aria-hidden=\"true\">\n\t\t\t\t\t\t\t\t\t\t\t\t\t\t\t<span class=\"elementor-toggle-icon-closed\"><i class=\"fas fa-caret-right\"><\/i><\/span>\n\t\t\t\t\t\t\t\t<span class=\"elementor-toggle-icon-opened\"><i class=\"elementor-toggle-icon-opened fas fa-caret-up\"><\/i><\/span>\n\t\t\t\t\t\t\t\t\t\t\t\t\t<\/span>\n\t\t\t\t\t\t\t\t\t\t\t\t<a class=\"elementor-toggle-title\" tabindex=\"0\">Qualifications et crit\u00e8res <\/a>\n\t\t\t\t\t<\/div>\n\n\t\t\t\t\t<div id=\"elementor-tab-content-7995\" class=\"elementor-tab-content elementor-clearfix\" data-tab=\"5\" role=\"region\" aria-labelledby=\"elementor-tab-title-7995\"><ul><li>Les personnes dont l'anglais est la langue maternelle.<\/li><li>De 22 \u00e0 55 ans. En vertu de la loi marocaine, nous ne pouvons pas employer d'enseignants \u00e2g\u00e9s de 60 ans ou plus.<\/li><li>\u00catre titulaire au minimum d'une licence et du CELTA ou d'un \u00e9quivalent comp\u00e9titif.<\/li><li>Exp\u00e9rience dans l'enseignement, mais pas indispensable car les nouveaux enseignants re\u00e7oivent une formation et des conseils.<\/li><\/ul><\/div>\n\t\t\t\t<\/div>\n\t\t\t\t\t\t\t<div class=\"elementor-toggle-item\">\n\t\t\t\t\t<div id=\"elementor-tab-title-7996\" class=\"elementor-tab-title\" data-tab=\"6\" role=\"button\" aria-controls=\"elementor-tab-content-7996\" aria-expanded=\"false\">\n\t\t\t\t\t\t\t\t\t\t\t\t<span class=\"elementor-toggle-icon elementor-toggle-icon-right\" aria-hidden=\"true\">\n\t\t\t\t\t\t\t\t\t\t\t\t\t\t\t<span class=\"elementor-toggle-icon-closed\"><i class=\"fas fa-caret-right\"><\/i><\/span>\n\t\t\t\t\t\t\t\t<span class=\"elementor-toggle-icon-opened\"><i class=\"elementor-toggle-icon-opened fas fa-caret-up\"><\/i><\/span>\n\t\t\t\t\t\t\t\t\t\t\t\t\t<\/span>\n\t\t\t\t\t\t\t\t\t\t\t\t<a class=\"elementor-toggle-title\" tabindex=\"0\">Fonctions<\/a>\n\t\t\t\t\t<\/div>\n\n\t\t\t\t\t<div id=\"elementor-tab-content-7996\" class=\"elementor-tab-content elementor-clearfix\" data-tab=\"6\" role=\"region\" aria-labelledby=\"elementor-tab-title-7996\"><ul><li>Enseigner un minimum de 18 heures par semaine pendant les principaux trimestres.<\/li><li>Enseigner \u00e0 des adultes, des enfants ou des jeunes.<\/li><li>Disponible pour enseigner les apr\u00e8s-midi en semaine, les soirs et les week-ends. \u00a0<\/li><li>Participate in ALC clubs, activities and other projects when appropriate. \u00a0<\/li><\/ul><\/div>\n\t\t\t\t<\/div>\n\t\t\t\t\t\t\t<div class=\"elementor-toggle-item\">\n\t\t\t\t\t<div id=\"elementor-tab-title-7997\" class=\"elementor-tab-title\" data-tab=\"7\" role=\"button\" aria-controls=\"elementor-tab-content-7997\" aria-expanded=\"false\">\n\t\t\t\t\t\t\t\t\t\t\t\t<span class=\"elementor-toggle-icon elementor-toggle-icon-right\" aria-hidden=\"true\">\n\t\t\t\t\t\t\t\t\t\t\t\t\t\t\t<span class=\"elementor-toggle-icon-closed\"><i class=\"fas fa-caret-right\"><\/i><\/span>\n\t\t\t\t\t\t\t\t<span class=\"elementor-toggle-icon-opened\"><i class=\"elementor-toggle-icon-opened fas fa-caret-up\"><\/i><\/span>\n\t\t\t\t\t\t\t\t\t\t\t\t\t<\/span>\n\t\t\t\t\t\t\t\t\t\t\t\t<a class=\"elementor-toggle-title\" tabindex=\"0\">Comment poser sa candidature<\/a>\n\t\t\t\t\t<\/div>\n\n\t\t\t\t\t<div id=\"elementor-tab-content-7997\" class=\"elementor-tab-content elementor-clearfix\" data-tab=\"7\" role=\"region\" aria-labelledby=\"elementor-tab-title-7997\"><p>Les candidats int\u00e9ress\u00e9s sont invit\u00e9s \u00e0 soumettre leur curriculum vitae et une lettre de motivation d\u00e9crivant leurs qualifications et leur passion pour ce poste, ainsi qu'une copie de leur passeport, des copies de leurs dipl\u00f4mes et certificats et des r\u00e9f\u00e9rences. Veuillez envoyer votre candidature \u00e0 <a href=\"mailto:casarecruit@acamorocco.org\">casarecruit@acamorocco.org<\/a> avec pour objet \"Candidature d'un enseignant de langue maternelle anglaise\".<\/p><\/div>\n\t\t\t\t<\/div>\n\t\t\t\t\t\t\t\t<\/div>\n\t\t\t\t\t\t<\/div>\n\t\t\t\t<\/div>\n\t\t\t\t\t<\/div>\n\t\t<\/div>\n\t\t\t\t\t<\/div>\n\t\t<\/section>\n\t\t\t\t<\/div>","protected":false},"excerpt":{"rendered":"<p>Jobs We Are Recruiting Employment Job title: Native English language teachers\u00a0 The American Language center is a leading language center in Morocco dedicated to providing high-quality language education to a diverse community of students. We pride ourselves on our commitment to excellence, cultural enrichment, and academic growth.\u00a0 As part of our ongoing mission to empower [&hellip;]<\/p>\n","protected":false},"author":1,"featured_media":0,"parent":0,"menu_order":0,"comment_status":"closed","ping_status":"closed","template":"","meta":{"_uag_custom_page_level_css":"","site-sidebar-layout":"no-sidebar","site-content-layout":"page-builder","ast-site-content-layout":"default","site-content-style":"default","site-sidebar-style":"default","ast-global-header-display":"","ast-banner-title-visibility":"","ast-main-header-display":"","ast-hfb-above-header-display":"","ast-hfb-below-header-display":"","ast-hfb-mobile-header-display":"","site-post-title":"disabled","ast-breadcrumbs-content":"","ast-featured-img":"disabled","footer-sml-layout":"","ast-disable-related-posts":"","theme-transparent-header-meta":"","adv-header-id-meta":"","stick-header-meta":"","header-above-stick-meta":"","header-main-stick-meta":"","header-below-stick-meta":"","astra-migrate-meta-layouts":"default","ast-page-background-enabled":"default","ast-page-background-meta":{"desktop":{"background-color":"","background-image":"","background-repeat":"repeat","background-position":"center center","background-size":"auto","background-attachment":"scroll","background-type":"","background-media":"","overlay-type":"","overlay-color":"","overlay-opacity":"","overlay-gradient":""},"tablet":{"background-color":"","background-image":"","background-repeat":"repeat","background-position":"center center","background-size":"auto","background-attachment":"scroll","background-type":"","background-media":"","overlay-type":"","overlay-color":"","overlay-opacity":"","overlay-gradient":""},"mobile":{"background-color":"","background-image":"","background-repeat":"repeat","background-position":"center center","background-size":"auto","background-attachment":"scroll","background-type":"","background-media":"","overlay-type":"","overlay-color":"","overlay-opacity":"","overlay-gradient":""}},"ast-content-background-meta":{"desktop":{"background-color":"var(--ast-global-color-5)","background-image":"","background-repeat":"repeat","background-position":"center center","background-size":"auto","background-attachment":"scroll","background-type":"","background-media":"","overlay-type":"","overlay-color":"","overlay-opacity":"","overlay-gradient":""},"tablet":{"background-color":"var(--ast-global-color-5)","background-image":"","background-repeat":"repeat","background-position":"center center","background-size":"auto","background-attachment":"scroll","background-type":"","background-media":"","overlay-type":"","overlay-color":"","overlay-opacity":"","overlay-gradient":""},"mobile":{"background-color":"var(--ast-global-color-5)","background-image":"","background-repeat":"repeat","background-position":"center center","background-size":"auto","background-attachment":"scroll","background-type":"","background-media":"","overlay-type":"","overlay-color":"","overlay-opacity":"","overlay-gradient":""}},"footnotes":""},"class_list":["post-1034","page","type-page","status-publish","hentry"],"uagb_featured_image_src":{"full":false,"thumbnail":false,"medium":false,"medium_large":false,"large":false,"hd_qu_size2":false,"1536x1536":false,"2048x2048":false,"trp-custom-language-flag":false},"uagb_author_info":{"display_name":"administrator","author_link":"https:\/\/alccasablanca.com\/fr\/author\/administrator\/"},"uagb_comment_info":0,"uagb_excerpt":"Jobs We Are Recruiting Employment Job title: Native English language teachers\u00a0 The American Language center is a leading language center in Morocco dedicated to providing high-quality language education to a diverse community of students. We pride ourselves on our commitment to excellence, cultural enrichment, and academic growth.\u00a0 As part of our ongoing mission to empower\u2026","_links":{"self":[{"href":"https:\/\/alccasablanca.com\/fr\/wp-json\/wp\/v2\/pages\/1034","targetHints":{"allow":["GET"]}}],"collection":[{"href":"https:\/\/alccasablanca.com\/fr\/wp-json\/wp\/v2\/pages"}],"about":[{"href":"https:\/\/alccasablanca.com\/fr\/wp-json\/wp\/v2\/types\/page"}],"author":[{"embeddable":true,"href":"https:\/\/alccasablanca.com\/fr\/wp-json\/wp\/v2\/users\/1"}],"replies":[{"embeddable":true,"href":"https:\/\/alccasablanca.com\/fr\/wp-json\/wp\/v2\/comments?post=1034"}],"version-history":[{"count":27,"href":"https:\/\/alccasablanca.com\/fr\/wp-json\/wp\/v2\/pages\/1034\/revisions"}],"predecessor-version":[{"id":4709,"href":"https:\/\/alccasablanca.com\/fr\/wp-json\/wp\/v2\/pages\/1034\/revisions\/4709"}],"wp:attachment":[{"href":"https:\/\/alccasablanca.com\/fr\/wp-json\/wp\/v2\/media?parent=1034"}],"curies":[{"name":"wp","href":"https:\/\/api.w.org\/{rel}","templated":true}]}}